{"id":5288,"date":"2021-08-25T09:00:10","date_gmt":"2021-08-25T09:00:10","guid":{"rendered":"http:\/\/dummy.xtemos.com\/woodmart2\/?page_id=5288"},"modified":"2025-10-04T00:10:35","modified_gmt":"2025-10-04T00:10:35","slug":"contacto","status":"publish","type":"page","link":"https:\/\/fiberpole.cl\/web\/contacto\/","title":{"rendered":"Contacto"},"content":{"rendered":"<div class=\"wpb-content-wrapper\"><p>[vc_row equal_height=\u00bbyes\u00bb css_animation=\u00bbnone\u00bb css=\u00bb.vc_custom_1758667344168{margin-right: -50px !important;margin-bottom: 0px !important;margin-left: -50px !important;}\u00bb woodmart_css_id=\u00bb68d322495b12d\u00bb responsive_spacing=\u00bbeyJwYXJhbV90eXBlIjoid29vZG1hcnRfcmVzcG9uc2l2ZV9zcGFjaW5nIiwic2VsZWN0b3JfaWQiOiI2OGQzMjI0OTViMTJkIiwic2hvcnRjb2RlIjoidmNfcm93IiwiZGF0YSI6eyJ0YWJsZXQiOnt9LCJtb2JpbGUiOnt9fX0=\u00bb mobile_bg_img_hidden=\u00bbno\u00bb tablet_bg_img_hidden=\u00bbno\u00bb woodmart_parallax=\u00bb0&#8243; woodmart_gradient_switch=\u00bbno\u00bb woodmart_box_shadow=\u00bbno\u00bb wd_z_index=\u00bbno\u00bb woodmart_disable_overflow=\u00bb0&#8243; row_reverse_mobile=\u00bb0&#8243; row_reverse_tablet=\u00bb0&#8243;][vc_column css=\u00bb.vc_custom_1496927710186{border-right-width: 1px !important;padding-top: 20px !important;padding-right: 50px !important;padding-bottom: 10px !important;padding-left: 50px !important;border-right-color: #e8e8e8 !important;border-right-style: solid !important;}\u00bb offset=\u00bbvc_col-lg-6 vc_col-md-6&#8243;]\t\t\t<div class=\"info-box-wrapper\">\n\t\t\t\t<div id=\"wd-68e065f495b8a\" class=\" wd-rs-68e065f495b8a wd-info-box wd-wpb text-left box-icon-align-left box-style- color-scheme- wd-bg-none wd-items-middle \">\n\t\t\t\t\t\t\t\t\t\t\t<div class=\"box-icon-wrapper  box-with-icon box-icon-simple\">\n\t\t\t\t\t\t\t<div class=\"info-box-icon\">\n\n\t\t\t\t\t\t\t\n\t\t\t\t\t\t\t\t\t\t\t\t\t\t\t\t\t<img loading=\"lazy\" decoding=\"async\" width=\"64\" height=\"64\" src=\"https:\/\/fiberpole.cl\/web\/wp-content\/uploads\/2024\/01\/telefono-64x64.png\" class=\"attachment-64x64 size-64x64\" alt=\"\" srcset=\"https:\/\/fiberpole.cl\/web\/wp-content\/uploads\/2024\/01\/telefono-64x64.png 64w, https:\/\/fiberpole.cl\/web\/wp-content\/uploads\/2024\/01\/telefono-300x300.png 300w, https:\/\/fiberpole.cl\/web\/wp-content\/uploads\/2024\/01\/telefono-150x150.png 150w, https:\/\/fiberpole.cl\/web\/wp-content\/uploads\/2024\/01\/telefono-20x20.png 20w, https:\/\/fiberpole.cl\/web\/wp-content\/uploads\/2024\/01\/telefono.png 512w\" sizes=\"auto, (max-width: 64px) 100vw, 64px\" \/>\t\t\t\t\t\t\t\t\t\t\t\t\t\t\t\n\t\t\t\t\t\t\t<\/div>\n\t\t\t\t\t\t<\/div>\n\t\t\t\t\t\t\t\t\t\t<div class=\"info-box-content\">\n\t\t\t\t\t\t\t\t\t\t\t\t<div class=\"info-box-inner reset-last-child\"><p><a href=\"tel:56920313497\"><strong>+ 56 9 2031 3497<\/strong><\/a><\/p>\n<\/div>\n\n\t\t\t\t\t\t\t\t\t\t\t<\/div>\n\n\t\t\t\t\t\t\t\t\t\t\t<a class=\"wd-info-box-link wd-fill\" aria-label=\"Infobox link\" href=\"tel:56227564100\" title=\"\" target=\"_blank\"><\/a>\n\t\t\t\t\t\n\t\t\t\t\t\t\t\t\t<\/div>\n\t\t\t<\/div>\n\t\t\t\t\t<div class=\"info-box-wrapper\">\n\t\t\t\t<div id=\"wd-68e065eb58b0c\" class=\" wd-rs-68e065eb58b0c wd-info-box wd-wpb text-left box-icon-align-left box-style- color-scheme- wd-bg-none wd-items-middle \">\n\t\t\t\t\t\t\t\t\t\t\t<div class=\"box-icon-wrapper  box-with-icon box-icon-simple\">\n\t\t\t\t\t\t\t<div class=\"info-box-icon\">\n\n\t\t\t\t\t\t\t\n\t\t\t\t\t\t\t\t\t\t\t\t\t\t\t\t\t<img loading=\"lazy\" decoding=\"async\" width=\"64\" height=\"64\" src=\"https:\/\/fiberpole.cl\/web\/wp-content\/uploads\/2024\/01\/correo-electronico-64x64.png\" class=\"attachment-64x64 size-64x64\" alt=\"\" srcset=\"https:\/\/fiberpole.cl\/web\/wp-content\/uploads\/2024\/01\/correo-electronico-64x64.png 64w, https:\/\/fiberpole.cl\/web\/wp-content\/uploads\/2024\/01\/correo-electronico-300x300.png 300w, https:\/\/fiberpole.cl\/web\/wp-content\/uploads\/2024\/01\/correo-electronico-150x150.png 150w, https:\/\/fiberpole.cl\/web\/wp-content\/uploads\/2024\/01\/correo-electronico-20x20.png 20w, https:\/\/fiberpole.cl\/web\/wp-content\/uploads\/2024\/01\/correo-electronico.png 512w\" sizes=\"auto, (max-width: 64px) 100vw, 64px\" \/>\t\t\t\t\t\t\t\t\t\t\t\t\t\t\t\n\t\t\t\t\t\t\t<\/div>\n\t\t\t\t\t\t<\/div>\n\t\t\t\t\t\t\t\t\t\t<div class=\"info-box-content\">\n\t\t\t\t\t\t\t\t\t\t\t\t<div class=\"info-box-inner reset-last-child\"><p><a href=\"mailto:ventas@fiberpole.cl\"><strong>ventas@fiberpole.cl<\/strong><\/a><\/p>\n<\/div>\n\n\t\t\t\t\t\t\t\t\t\t\t<\/div>\n\n\t\t\t\t\t\t\t\t\t\t\t<a class=\"wd-info-box-link wd-fill\" aria-label=\"Infobox link\" href=\"mailto:ventas@fiberpole.cl\" title=\"\" target=\"_blank\"><\/a>\n\t\t\t\t\t\n\t\t\t\t\t\t\t\t\t<\/div>\n\t\t\t<\/div>\n\t\t\t\t\t<div class=\"info-box-wrapper\">\n\t\t\t\t<div id=\"wd-68e065b8ccfe7\" class=\" wd-rs-68e065b8ccfe7 wd-info-box wd-wpb text-left box-icon-align-left box-style- color-scheme- wd-bg-none wd-items-middle \">\n\t\t\t\t\t\t\t\t\t\t\t<div class=\"box-icon-wrapper  box-with-icon box-icon-simple\">\n\t\t\t\t\t\t\t<div class=\"info-box-icon\">\n\n\t\t\t\t\t\t\t\n\t\t\t\t\t\t\t\t\t\t\t\t\t\t\t\t\t<img loading=\"lazy\" decoding=\"async\" width=\"64\" height=\"64\" src=\"https:\/\/fiberpole.cl\/web\/wp-content\/uploads\/2024\/01\/linkedin-64x64.png\" class=\"attachment-64x64 size-64x64\" alt=\"\" srcset=\"https:\/\/fiberpole.cl\/web\/wp-content\/uploads\/2024\/01\/linkedin-64x64.png 64w, https:\/\/fiberpole.cl\/web\/wp-content\/uploads\/2024\/01\/linkedin-300x300.png 300w, https:\/\/fiberpole.cl\/web\/wp-content\/uploads\/2024\/01\/linkedin-150x150.png 150w, https:\/\/fiberpole.cl\/web\/wp-content\/uploads\/2024\/01\/linkedin.png 512w\" sizes=\"auto, (max-width: 64px) 100vw, 64px\" \/>\t\t\t\t\t\t\t\t\t\t\t\t\t\t\t\n\t\t\t\t\t\t\t<\/div>\n\t\t\t\t\t\t<\/div>\n\t\t\t\t\t\t\t\t\t\t<div class=\"info-box-content\">\n\t\t\t\t\t\t\t\t\t\t\t\t<div class=\"info-box-inner reset-last-child\"><p><a href=\"https:\/\/www.linkedin.com\/company\/fiberpole\/\"><strong>Linkedin: fiberpole<\/strong><\/a><\/p>\n<\/div>\n\n\t\t\t\t\t\t\t\t\t\t\t<\/div>\n\n\t\t\t\t\t\t\t\t\t\t\t<a class=\"wd-info-box-link wd-fill\" aria-label=\"Infobox link\" href=\"https:\/\/www.linkedin.com\/company\/fiberpole\/\" title=\"\" target=\"_blank\"><\/a>\n\t\t\t\t\t\n\t\t\t\t\t\t\t\t\t<\/div>\n\t\t\t<\/div>\n\t\t[\/vc_column][vc_column css=\u00bb.vc_custom_1758666813921{padding-top: 20px !important;padding-right: 50px !important;padding-bottom: 20px !important;padding-left: 50px !important;}\u00bb offset=\u00bbvc_col-lg-6 vc_col-md-6&#8243; woodmart_css_id=\u00bb68d32036ee463&#8243; parallax_scroll=\u00bbno\u00bb woodmart_sticky_column=\u00bbfalse\u00bb wd_collapsible_content_switcher=\u00bbno\u00bb wd_column_role_offcanvas_desktop=\u00bbno\u00bb wd_column_role_offcanvas_tablet=\u00bbno\u00bb wd_column_role_offcanvas_mobile=\u00bbno\u00bb wd_column_role_content_desktop=\u00bbno\u00bb wd_column_role_content_tablet=\u00bbno\u00bb wd_column_role_content_mobile=\u00bbno\u00bb mobile_bg_img_hidden=\u00bbno\u00bb tablet_bg_img_hidden=\u00bbno\u00bb woodmart_parallax=\u00bb0&#8243; woodmart_box_shadow=\u00bbno\u00bb responsive_spacing=\u00bbeyJwYXJhbV90eXBlIjoid29vZG1hcnRfcmVzcG9uc2l2ZV9zcGFjaW5nIiwic2VsZWN0b3JfaWQiOiI2OGQzMjAzNmVlNDYzIiwic2hvcnRjb2RlIjoidmNfY29sdW1uIiwiZGF0YSI6eyJ0YWJsZXQiOnt9LCJtb2JpbGUiOnt9fX0=\u00bb mobile_reset_margin=\u00bbno\u00bb tablet_reset_margin=\u00bbno\u00bb wd_z_index=\u00bbno\u00bb]\n\t\t<div id=\"wd-68d3383f5d9fd\" class=\"title-wrapper wd-wpb wd-set-mb reset-last-child  wd-rs-68d3383f5d9fd wd-title-color-default wd-title-style-underlined text-left  wd-underline-colored\">\n\t\t\t\n\t\t\t<div class=\"liner-continer\">\n\t\t\t\t<h4 class=\"woodmart-title-container title  wd-font-weight- wd-fontsize-l\" >Solicita tu cotizaci\u00f3n o cont\u00e1ctanos directamente<\/h4>\n\t\t\t\t\t\t\t<\/div>\n\t\t\t\n\t\t\t\t\t\t\t<div class=\"title-after_title reset-last-child  wd-fontsize-xs\">Completa el formulario y nuestro equipo comercial responder\u00e1 en menos de 24 horas h\u00e1biles.<\/div>\n\t\t\t\n\t\t\t\n\t\t<\/div>\n\t\t\n\t\t\n<div class=\"wpcf7 no-js\" id=\"wpcf7-f34-o1\" lang=\"es-ES\" dir=\"ltr\">\n<div class=\"screen-reader-response\"><p role=\"status\" aria-live=\"polite\" aria-atomic=\"true\"><\/p> <ul><\/ul><\/div>\n<form action=\"\/web\/wp-json\/wp\/v2\/pages\/5288#wpcf7-f34-o1\" method=\"post\" class=\"wpcf7-form init\" aria-label=\"Formulario de contacto\" novalidate=\"novalidate\" data-status=\"init\">\n<div style=\"display: none;\">\n<input type=\"hidden\" name=\"_wpcf7\" value=\"34\" \/>\n<input type=\"hidden\" name=\"_wpcf7_version\" value=\"5.8.6\" \/>\n<input type=\"hidden\" name=\"_wpcf7_locale\" value=\"es_ES\" \/>\n<input type=\"hidden\" name=\"_wpcf7_unit_tag\" value=\"wpcf7-f34-o1\" \/>\n<input type=\"hidden\" name=\"_wpcf7_container_post\" value=\"0\" \/>\n<input type=\"hidden\" name=\"_wpcf7_posted_data_hash\" value=\"\" \/>\n<\/div>\n<div class=\"fiberpole-form\">\n\t<p><label>Nombre completo*<br \/>\n<span class=\"wpcf7-form-control-wrap\" data-name=\"your-name\"><input size=\"40\" class=\"wpcf7-form-control wpcf7-text wpcf7-validates-as-required\" aria-required=\"true\" aria-invalid=\"false\" placeholder=\"Escribe tu nombre y apellido\" value=\"\" type=\"text\" name=\"your-name\" \/><\/span><\/label>\n\t<\/p>\n\t<p><label>Correo electr\u00f3nico*<br \/>\n<span class=\"wpcf7-form-control-wrap\" data-name=\"your-email\"><input size=\"40\" class=\"wpcf7-form-control wpcf7-email wpcf7-validates-as-required wpcf7-text wpcf7-validates-as-email\" aria-required=\"true\" aria-invalid=\"false\" placeholder=\"ejemplo@correo.com\" value=\"\" type=\"email\" name=\"your-email\" \/><\/span><\/label>\n\t<\/p>\n\t<p><label>Tel\u00e9fono de contacto*<br \/>\n<span class=\"wpcf7-form-control-wrap\" data-name=\"your-phone\"><input size=\"40\" class=\"wpcf7-form-control wpcf7-tel wpcf7-validates-as-required wpcf7-text wpcf7-validates-as-tel\" aria-required=\"true\" aria-invalid=\"false\" placeholder=\"+56 9 1234 5678\" value=\"\" type=\"tel\" name=\"your-phone\" \/><\/span><\/label>\n\t<\/p>\n\t<p><label>Tipo de requerimiento*<br \/>\n<span class=\"wpcf7-form-control-wrap\" data-name=\"your-subject\"><select class=\"wpcf7-form-control wpcf7-select wpcf7-validates-as-required\" aria-required=\"true\" aria-invalid=\"false\" name=\"your-subject\"><option value=\"Cotizaci\u00f3n\">Cotizaci\u00f3n<\/option><option value=\"Informaci\u00f3n t\u00e9cnica\">Informaci\u00f3n t\u00e9cnica<\/option><option value=\"Otro\">Otro<\/option><\/select><\/span><\/label>\n\t<\/p>\n\t<p><label>Mensaje*<br \/>\n<span class=\"wpcf7-form-control-wrap\" data-name=\"your-message\"><textarea cols=\"40\" rows=\"10\" class=\"wpcf7-form-control wpcf7-textarea wpcf7-validates-as-required\" aria-required=\"true\" aria-invalid=\"false\" placeholder=\"Cu\u00e9ntanos brevemente tu necesidad o proyecto.\" name=\"your-message\"><\/textarea><\/span><\/label>\n\t<\/p>\n\t<p><input class=\"wpcf7-form-control wpcf7-submit has-spinner\" type=\"submit\" value=\"Contactar\" \/>\n\t<\/p>\n<\/div><div class=\"wpcf7-response-output\" aria-hidden=\"true\"><\/div>\n<\/form>\n<\/div>\n[\/vc_column][\/vc_row][vc_row full_width=\u00bbstretch_row_content_no_spaces\u00bb css_animation=\u00bbnone\u00bb css=\u00bb.vc_custom_1758667134535{margin-top: 0px !important;margin-right: 0px !important;margin-bottom: 0px !important;margin-left: 0px !important;border-radius: 3px !important;}\u00bb woodmart_css_id=\u00bb68d32175be9aa\u00bb responsive_spacing=\u00bbeyJwYXJhbV90eXBlIjoid29vZG1hcnRfcmVzcG9uc2l2ZV9zcGFjaW5nIiwic2VsZWN0b3JfaWQiOiI2OGQzMjE3NWJlOWFhIiwic2hvcnRjb2RlIjoidmNfcm93IiwiZGF0YSI6eyJ0YWJsZXQiOnsibWFyZ2luLWJvdHRvbSI6IjYwcHgifSwibW9iaWxlIjp7fX19&#8243; mobile_bg_img_hidden=\u00bbno\u00bb tablet_bg_img_hidden=\u00bbno\u00bb woodmart_parallax=\u00bb0&#8243; woodmart_gradient_switch=\u00bbno\u00bb woodmart_box_shadow=\u00bbno\u00bb wd_z_index=\u00bbno\u00bb woodmart_disable_overflow=\u00bb0&#8243; row_reverse_mobile=\u00bb0&#8243; row_reverse_tablet=\u00bb0&#8243;][vc_column][vc_goo_maps location=\u00bbChill\u00e1n 2318, 8390207 Independencia, Regi\u00f3n Metropolitana\u00bb height=\u00bb450px\u00bb zoom=\u00bb16&#8243; css=\u00bb.vc_custom_1758667796972{margin: 0px !important;border-radius: 4px !important;}\u00bb][\/vc_column][\/vc_row]<\/p>\n<\/div>","protected":false},"excerpt":{"rendered":"<p>[vc_row equal_height=\u00bbyes\u00bb css_animation=\u00bbnone\u00bb css=\u00bb.vc_custom_1758667344168{margin-right: -50px !important;margin-bottom: 0px !important;margin-left: -50px !important;}\u00bb woodmart_css_id=\u00bb68d322495b12d\u00bb responsive_spacing=\u00bbeyJwYXJhbV90eXBlIjoid29vZG1hcnRfcmVzcG9uc2l2ZV9zcGFjaW5nIiwic2VsZWN0b3JfaWQiOiI2OGQzMjI0OTViMTJkIiwic2hvcnRjb2RlIjoidmNfcm93IiwiZGF0YSI6eyJ0YWJsZXQiOnt9LCJtb2JpbGUiOnt9fX0=\u00bb mobile_bg_img_hidden=\u00bbno\u00bb tablet_bg_img_hidden=\u00bbno\u00bb woodmart_parallax=\u00bb0&#8243; woodmart_gradient_switch=\u00bbno\u00bb woodmart_box_shadow=\u00bbno\u00bb wd_z_index=\u00bbno\u00bb woodmart_disable_overflow=\u00bb0&#8243; row_reverse_mobile=\u00bb0&#8243;<\/p>\n","protected":false},"author":1,"featured_media":10146,"parent":0,"menu_order":0,"comment_status":"closed","ping_status":"closed","template":"","meta":{"footnotes":""},"class_list":["post-5288","page","type-page","status-publish","has-post-thumbnail","hentry"],"yoast_head":"<!-- This site is optimized with the Yoast SEO plugin v25.9 - https:\/\/yoast.com\/wordpress\/plugins\/seo\/ -->\n<title>Contacto Fiberpole | Cotiza PRFV<\/title>\n<meta name=\"description\" content=\"Cont\u00e1ctanos para asesor\u00eda y cotizaciones de postes de PRFV en Chile. Soluciones seguras y durables para iluminaci\u00f3n y distribuci\u00f3n el\u00e9ctrica.\" \/>\n<meta name=\"robots\" content=\"index, follow, max-snippet:-1, max-image-preview:large, max-video-preview:-1\" \/>\n<link rel=\"canonical\" href=\"https:\/\/fiberpole.cl\/web\/contacto\/\" \/>\n<meta property=\"og:locale\" content=\"es_ES\" \/>\n<meta property=\"og:type\" content=\"article\" \/>\n<meta property=\"og:title\" content=\"Contacto Fiberpole | Cotiza PRFV\" \/>\n<meta property=\"og:description\" content=\"Cont\u00e1ctanos para asesor\u00eda y cotizaciones de postes de PRFV en Chile. Soluciones seguras y durables para iluminaci\u00f3n y distribuci\u00f3n el\u00e9ctrica.\" \/>\n<meta property=\"og:url\" content=\"https:\/\/fiberpole.cl\/web\/contacto\/\" \/>\n<meta property=\"og:site_name\" content=\"Fiberpole\" \/>\n<meta property=\"article:modified_time\" content=\"2025-10-04T00:10:35+00:00\" \/>\n<meta property=\"og:image\" content=\"https:\/\/fiberpole.cl\/web\/wp-content\/uploads\/2025\/10\/FIBERPOLE-fondo-fibra.png\" \/>\n\t<meta property=\"og:image:width\" content=\"1409\" \/>\n\t<meta property=\"og:image:height\" content=\"776\" \/>\n\t<meta property=\"og:image:type\" content=\"image\/png\" \/>\n<meta name=\"twitter:card\" content=\"summary_large_image\" \/>\n<meta name=\"twitter:label1\" content=\"Tiempo de lectura\" \/>\n\t<meta name=\"twitter:data1\" content=\"2 minutos\" \/>\n<script type=\"application\/ld+json\" class=\"yoast-schema-graph\">{\"@context\":\"https:\/\/schema.org\",\"@graph\":[{\"@type\":\"WebPage\",\"@id\":\"https:\/\/fiberpole.cl\/web\/contacto\/\",\"url\":\"https:\/\/fiberpole.cl\/web\/contacto\/\",\"name\":\"Contacto Fiberpole | Cotiza PRFV\",\"isPartOf\":{\"@id\":\"https:\/\/fiberpole.cl\/web\/#website\"},\"primaryImageOfPage\":{\"@id\":\"https:\/\/fiberpole.cl\/web\/contacto\/#primaryimage\"},\"image\":{\"@id\":\"https:\/\/fiberpole.cl\/web\/contacto\/#primaryimage\"},\"thumbnailUrl\":\"https:\/\/fiberpole.cl\/web\/wp-content\/uploads\/2025\/10\/FIBERPOLE-fondo-fibra.png\",\"datePublished\":\"2021-08-25T09:00:10+00:00\",\"dateModified\":\"2025-10-04T00:10:35+00:00\",\"description\":\"Cont\u00e1ctanos para asesor\u00eda y cotizaciones de postes de PRFV en Chile. Soluciones seguras y durables para iluminaci\u00f3n y distribuci\u00f3n el\u00e9ctrica.\",\"breadcrumb\":{\"@id\":\"https:\/\/fiberpole.cl\/web\/contacto\/#breadcrumb\"},\"inLanguage\":\"es\",\"potentialAction\":[{\"@type\":\"ReadAction\",\"target\":[\"https:\/\/fiberpole.cl\/web\/contacto\/\"]}]},{\"@type\":\"ImageObject\",\"inLanguage\":\"es\",\"@id\":\"https:\/\/fiberpole.cl\/web\/contacto\/#primaryimage\",\"url\":\"https:\/\/fiberpole.cl\/web\/wp-content\/uploads\/2025\/10\/FIBERPOLE-fondo-fibra.png\",\"contentUrl\":\"https:\/\/fiberpole.cl\/web\/wp-content\/uploads\/2025\/10\/FIBERPOLE-fondo-fibra.png\",\"width\":1409,\"height\":776},{\"@type\":\"BreadcrumbList\",\"@id\":\"https:\/\/fiberpole.cl\/web\/contacto\/#breadcrumb\",\"itemListElement\":[{\"@type\":\"ListItem\",\"position\":1,\"name\":\"Inicio\",\"item\":\"https:\/\/fiberpole.cl\/web\/\"},{\"@type\":\"ListItem\",\"position\":2,\"name\":\"Contacto\"}]},{\"@type\":\"WebSite\",\"@id\":\"https:\/\/fiberpole.cl\/web\/#website\",\"url\":\"https:\/\/fiberpole.cl\/web\/\",\"name\":\"Fiberpole\",\"description\":\"Fabricaci\u00f3n de postes de vidrio, luz y distribuci\u00f3n\",\"publisher\":{\"@id\":\"https:\/\/fiberpole.cl\/web\/#organization\"},\"potentialAction\":[{\"@type\":\"SearchAction\",\"target\":{\"@type\":\"EntryPoint\",\"urlTemplate\":\"https:\/\/fiberpole.cl\/web\/?s={search_term_string}\"},\"query-input\":{\"@type\":\"PropertyValueSpecification\",\"valueRequired\":true,\"valueName\":\"search_term_string\"}}],\"inLanguage\":\"es\"},{\"@type\":\"Organization\",\"@id\":\"https:\/\/fiberpole.cl\/web\/#organization\",\"name\":\"Fiberpole\",\"alternateName\":\"Fiberpole SpA\",\"url\":\"https:\/\/fiberpole.cl\/web\/\",\"logo\":{\"@type\":\"ImageObject\",\"inLanguage\":\"es\",\"@id\":\"https:\/\/fiberpole.cl\/web\/#\/schema\/logo\/image\/\",\"url\":\"https:\/\/fiberpole.cl\/web\/wp-content\/uploads\/2025\/09\/logo-fiberpole-azul.webp\",\"contentUrl\":\"https:\/\/fiberpole.cl\/web\/wp-content\/uploads\/2025\/09\/logo-fiberpole-azul.webp\",\"width\":150,\"height\":150,\"caption\":\"Fiberpole\"},\"image\":{\"@id\":\"https:\/\/fiberpole.cl\/web\/#\/schema\/logo\/image\/\"},\"sameAs\":[\"https:\/\/www.linkedin.com\/company\/fiberpole\/\"]}]}<\/script>\n<!-- \/ Yoast SEO plugin. -->","yoast_head_json":{"title":"Contacto Fiberpole | Cotiza PRFV","description":"Cont\u00e1ctanos para asesor\u00eda y cotizaciones de postes de PRFV en Chile. Soluciones seguras y durables para iluminaci\u00f3n y distribuci\u00f3n el\u00e9ctrica.","robots":{"index":"index","follow":"follow","max-snippet":"max-snippet:-1","max-image-preview":"max-image-preview:large","max-video-preview":"max-video-preview:-1"},"canonical":"https:\/\/fiberpole.cl\/web\/contacto\/","og_locale":"es_ES","og_type":"article","og_title":"Contacto Fiberpole | Cotiza PRFV","og_description":"Cont\u00e1ctanos para asesor\u00eda y cotizaciones de postes de PRFV en Chile. Soluciones seguras y durables para iluminaci\u00f3n y distribuci\u00f3n el\u00e9ctrica.","og_url":"https:\/\/fiberpole.cl\/web\/contacto\/","og_site_name":"Fiberpole","article_modified_time":"2025-10-04T00:10:35+00:00","og_image":[{"width":1409,"height":776,"url":"https:\/\/fiberpole.cl\/web\/wp-content\/uploads\/2025\/10\/FIBERPOLE-fondo-fibra.png","type":"image\/png"}],"twitter_card":"summary_large_image","twitter_misc":{"Tiempo de lectura":"2 minutos"},"schema":{"@context":"https:\/\/schema.org","@graph":[{"@type":"WebPage","@id":"https:\/\/fiberpole.cl\/web\/contacto\/","url":"https:\/\/fiberpole.cl\/web\/contacto\/","name":"Contacto Fiberpole | Cotiza PRFV","isPartOf":{"@id":"https:\/\/fiberpole.cl\/web\/#website"},"primaryImageOfPage":{"@id":"https:\/\/fiberpole.cl\/web\/contacto\/#primaryimage"},"image":{"@id":"https:\/\/fiberpole.cl\/web\/contacto\/#primaryimage"},"thumbnailUrl":"https:\/\/fiberpole.cl\/web\/wp-content\/uploads\/2025\/10\/FIBERPOLE-fondo-fibra.png","datePublished":"2021-08-25T09:00:10+00:00","dateModified":"2025-10-04T00:10:35+00:00","description":"Cont\u00e1ctanos para asesor\u00eda y cotizaciones de postes de PRFV en Chile. Soluciones seguras y durables para iluminaci\u00f3n y distribuci\u00f3n el\u00e9ctrica.","breadcrumb":{"@id":"https:\/\/fiberpole.cl\/web\/contacto\/#breadcrumb"},"inLanguage":"es","potentialAction":[{"@type":"ReadAction","target":["https:\/\/fiberpole.cl\/web\/contacto\/"]}]},{"@type":"ImageObject","inLanguage":"es","@id":"https:\/\/fiberpole.cl\/web\/contacto\/#primaryimage","url":"https:\/\/fiberpole.cl\/web\/wp-content\/uploads\/2025\/10\/FIBERPOLE-fondo-fibra.png","contentUrl":"https:\/\/fiberpole.cl\/web\/wp-content\/uploads\/2025\/10\/FIBERPOLE-fondo-fibra.png","width":1409,"height":776},{"@type":"BreadcrumbList","@id":"https:\/\/fiberpole.cl\/web\/contacto\/#breadcrumb","itemListElement":[{"@type":"ListItem","position":1,"name":"Inicio","item":"https:\/\/fiberpole.cl\/web\/"},{"@type":"ListItem","position":2,"name":"Contacto"}]},{"@type":"WebSite","@id":"https:\/\/fiberpole.cl\/web\/#website","url":"https:\/\/fiberpole.cl\/web\/","name":"Fiberpole","description":"Fabricaci\u00f3n de postes de vidrio, luz y distribuci\u00f3n","publisher":{"@id":"https:\/\/fiberpole.cl\/web\/#organization"},"potentialAction":[{"@type":"SearchAction","target":{"@type":"EntryPoint","urlTemplate":"https:\/\/fiberpole.cl\/web\/?s={search_term_string}"},"query-input":{"@type":"PropertyValueSpecification","valueRequired":true,"valueName":"search_term_string"}}],"inLanguage":"es"},{"@type":"Organization","@id":"https:\/\/fiberpole.cl\/web\/#organization","name":"Fiberpole","alternateName":"Fiberpole SpA","url":"https:\/\/fiberpole.cl\/web\/","logo":{"@type":"ImageObject","inLanguage":"es","@id":"https:\/\/fiberpole.cl\/web\/#\/schema\/logo\/image\/","url":"https:\/\/fiberpole.cl\/web\/wp-content\/uploads\/2025\/09\/logo-fiberpole-azul.webp","contentUrl":"https:\/\/fiberpole.cl\/web\/wp-content\/uploads\/2025\/09\/logo-fiberpole-azul.webp","width":150,"height":150,"caption":"Fiberpole"},"image":{"@id":"https:\/\/fiberpole.cl\/web\/#\/schema\/logo\/image\/"},"sameAs":["https:\/\/www.linkedin.com\/company\/fiberpole\/"]}]}},"_links":{"self":[{"href":"https:\/\/fiberpole.cl\/web\/wp-json\/wp\/v2\/pages\/5288","targetHints":{"allow":["GET"]}}],"collection":[{"href":"https:\/\/fiberpole.cl\/web\/wp-json\/wp\/v2\/pages"}],"about":[{"href":"https:\/\/fiberpole.cl\/web\/wp-json\/wp\/v2\/types\/page"}],"author":[{"embeddable":true,"href":"https:\/\/fiberpole.cl\/web\/wp-json\/wp\/v2\/users\/1"}],"replies":[{"embeddable":true,"href":"https:\/\/fiberpole.cl\/web\/wp-json\/wp\/v2\/comments?post=5288"}],"version-history":[{"count":11,"href":"https:\/\/fiberpole.cl\/web\/wp-json\/wp\/v2\/pages\/5288\/revisions"}],"predecessor-version":[{"id":10167,"href":"https:\/\/fiberpole.cl\/web\/wp-json\/wp\/v2\/pages\/5288\/revisions\/10167"}],"wp:featuredmedia":[{"embeddable":true,"href":"https:\/\/fiberpole.cl\/web\/wp-json\/wp\/v2\/media\/10146"}],"wp:attachment":[{"href":"https:\/\/fiberpole.cl\/web\/wp-json\/wp\/v2\/media?parent=5288"}],"curies":[{"name":"wp","href":"https:\/\/api.w.org\/{rel}","templated":true}]}}