{"id":9535,"date":"2024-02-09T13:53:25","date_gmt":"2024-02-09T13:53:25","guid":{"rendered":"https:\/\/fiberpole.cl\/web\/?page_id=9535"},"modified":"2025-10-03T22:49:21","modified_gmt":"2025-10-03T22:49:21","slug":"quienes-somos-fiberpole","status":"publish","type":"page","link":"https:\/\/fiberpole.cl\/web\/quienes-somos-fiberpole\/","title":{"rendered":"Qui\u00e9nes Somos"},"content":{"rendered":"<div class=\"wpb-content-wrapper\"><p>[vc_row][vc_column]\t\t\t<div id=\"wd-rs-65c62f891e7dc\" class=\"wd-nested-carousel wd-carousel-container wd-rs-65c62f891e7dc wd-wpb \">\n\t\t\t\t<div class=\"wd-carousel-inner\">\n\t\t\t\t\t<div class=\"wd-carousel wd-grid\" data-scroll_per_page=\"yes\" style=\"--wd-col-lg:1;--wd-col-md:1;--wd-col-sm:1;--wd-gap-lg:30px;--wd-gap-sm:10px;\">\n\t\t\t\t\t\t<div class=\"wd-carousel-wrap\">\n\t\t\t\t\t\t\t\t\t<div class=\"wd-carousel-item\">\n\t\t\t[vc_row_inner][vc_column_inner width=\u00bb1\/2&#8243;]\t\t<div id=\"wd-68e04f5d2246e\" class=\"wd-text-block wd-wpb reset-last-child wd-rs-68e04f5d2246e hidden-md hidden-sm hidden-xs text-left wd-font-weight-300 wd-fontsize-custom vc_custom_1759531034277\">\n\t\t\t<p>\u00bfQui\u00e9nes somos?<\/p>\n\t\t<\/div>\n\t\t\n\t\t<div id=\"wd-68e04d97c5bb1\" class=\"title-wrapper wd-wpb wd-set-mb reset-last-child  wd-rs-68e04d97c5bb1 wd-title-color-default wd-title-style-default text-left  wd-underline-colored\">\n\t\t\t\n\t\t\t<div class=\"liner-continer\">\n\t\t\t\t<h4 class=\"woodmart-title-container title  wd-font-weight- wd-fontsize-xxl\" >Fiberpole, l\u00edderes en producci\u00f3n de postes de PRFV en Chile<\/h4>\n\t\t\t\t\t\t\t<\/div>\n\t\t\t\n\t\t\t\n\t\t\t\n\t\t<\/div>\n\t\t\n\t\t[vc_column_text css=\u00bb\u00bb woodmart_inline=\u00bbno\u00bb text_larger=\u00bbno\u00bb]<\/p>\n<p class=\"cvGsUA direction-ltr align-justify para-style-body\">Somos una <strong data-start=\"355\" data-end=\"457\">empresa chilena l\u00edder en la fabricaci\u00f3n de postes de PRFV (Pol\u00edmero Reforzado con Fibra de Vidrio)<\/strong>, especializados en soluciones de iluminaci\u00f3n y distribuci\u00f3n el\u00e9ctrica con producci\u00f3n 100% local. Formamos parte del <strong data-start=\"566\" data-end=\"583\">Grupo Invenio<\/strong>, con m\u00e1s de 60 a\u00f1os de trayectoria en el desarrollo de <strong data-start=\"639\" data-end=\"664\">materiales compuestos<\/strong> en Chile.<\/p>\n<p data-start=\"694\" data-end=\"995\">Nuestras plantas de en Santiago y Requ\u00ednoa est\u00e1n equipadas con <strong data-start=\"750\" data-end=\"778\">tecnolog\u00eda de vanguardia<\/strong> y contamos con un <strong data-start=\"784\" data-end=\"834\">equipo de ingenieros y t\u00e9cnicos especializados<\/strong>, lo que nos permite dise\u00f1ar, fabricar y someter a <strong data-start=\"885\" data-end=\"926\">ensayos rigurosos de flexi\u00f3n y rotura<\/strong> a cada uno de nuestros productos en nuestra propia zona de prueba.<\/p>\n<h3 data-start=\"997\" data-end=\"1034\">Innovaci\u00f3n con producci\u00f3n local<\/h3>\n<p data-start=\"1035\" data-end=\"1392\">Fabricamos <strong data-start=\"1046\" data-end=\"1073\">postes de PRFV en Chile<\/strong> mediante un proceso de <strong data-start=\"1097\" data-end=\"1139\">embobinado continuo (filament winding)<\/strong> en m\u00e1quinas de <strong data-start=\"1155\" data-end=\"1195\">control num\u00e9rico computarizado (CNC)<\/strong>. Gracias a un software especializado, definimos patrones de tejido y resistencia mec\u00e1nica precisos, garantizando un <strong data-start=\"1312\" data-end=\"1375\">desempe\u00f1o \u00f3ptimo, confiabilidad y flexibilidad en el dise\u00f1o<\/strong> de cada poste.<\/p>\n<h3 data-start=\"1394\" data-end=\"1418\">Nuestro compromiso<\/h3>\n<p data-start=\"1419\" data-end=\"1711\">En <strong data-start=\"1422\" data-end=\"1435\">Fiberpole<\/strong> tenemos una meta clara: ofrecer <strong data-start=\"1468\" data-end=\"1516\">soluciones seguras, eficientes y sostenibles<\/strong>, alineadas con los m\u00e1s altos est\u00e1ndares internacionales. Creemos en la <strong data-start=\"1588\" data-end=\"1618\">innovaci\u00f3n con sello local<\/strong>, aportando al desarrollo de proyectos urbanos, carreteras y ciudades m\u00e1s seguras en Chile. Hemos participado en proyectos urbanos en zonas de alta salinidad y bordes costeros (Proyecto Avenida Ej\u00e9rcito y Borde Cotero Pinares en Antofagasta) como tambi\u00e9n en grandes proyectos urbanos como el Parque Mapocho R\u00edo en Santiago.<\/p>\n<p>[\/vc_column_text][\/vc_column_inner][vc_column_inner width=\u00bb1\/2&#8243;][vc_single_image image=\u00bb10146&#8243; img_size=\u00bbmedium\u00bb css=\u00bb\u00bb parallax_scroll=\u00bbno\u00bb woodmart_inline=\u00bbno\u00bb][vc_single_image image=\u00bb10148&#8243; img_size=\u00bbmedium\u00bb css=\u00bb\u00bb parallax_scroll=\u00bbno\u00bb woodmart_inline=\u00bbno\u00bb][vc_single_image image=\u00bb10149&#8243; img_size=\u00bbmedium\u00bb css=\u00bb\u00bb parallax_scroll=\u00bbno\u00bb woodmart_inline=\u00bbno\u00bb][vc_single_image image=\u00bb10150&#8243; img_size=\u00bbmedium\u00bb css=\u00bb\u00bb parallax_scroll=\u00bbno\u00bb woodmart_inline=\u00bbno\u00bb][\/vc_column_inner][\/vc_row_inner]\t\t<\/div>\n\t\t\t\t<div class=\"wd-carousel-item\">\n\t\t\t[vc_video link=\u00bbhttps:\/\/www.youtube.com\/watch?v=mrh5WBQCwg4&#8243; css=\u00bb\u00bb woodmart_css_id=\u00bb68e0501cdcc18&#8243; image_poster_switch=\u00bbno\u00bb]\t\t<\/div>\n\t\t\t\t\t\t\t\t<\/div>\n\t\t\t\t\t<\/div>\n\t\t\t\t\t\t\t\t\t\t\t\t\t<div class=\"wd-nav-arrows wd-pos-sep wd-hover-1 wd-icon-1\">\n\t\t\t<div class=\"wd-btn-arrow wd-prev wd-disabled\">\n\t\t\t\t<div class=\"wd-arrow-inner\"><\/div>\n\t\t\t<\/div>\n\t\t\t<div class=\"wd-btn-arrow wd-next\">\n\t\t\t\t<div class=\"wd-arrow-inner\"><\/div>\n\t\t\t<\/div>\n\t\t<\/div>\n\t\t\t\t\t\t\t\t\t\t\t<\/div>\n\n\t\t\t\t\t\t<div class=\"wd-nav-pagin-wrap text-center wd-style-shape wd-hide-md-sm wd-hide-sm\">\n\t\t\t<ul class=\"wd-nav-pagin\"><\/ul>\n\t\t<\/div>\n\t\t\t\t\t\t\t\t\t<\/div>\n\t\t[\/vc_column][\/vc_row][vc_row full_width=\u00bbstretch_row\u00bb css=\u00bb.vc_custom_1627904740378{margin-bottom: 100px !important;padding-top: 100px !important;padding-bottom: 65px !important;background-color: #f7f7f7 !important;}\u00bb woodmart_css_id=\u00bb6107dac046e95&#8243; responsive_spacing=\u00bbeyJwYXJhbV90eXBlIjoid29vZG1hcnRfcmVzcG9uc2l2ZV9zcGFjaW5nIiwic2VsZWN0b3JfaWQiOiI2MTA3ZGFjMDQ2ZTk1Iiwic2hvcnRjb2RlIjoidmNfcm93IiwiZGF0YSI6eyJ0YWJsZXQiOnsibWFyZ2luLWJvdHRvbSI6IjYwIiwicGFkZGluZy10b3AiOiI2MCIsInBhZGRpbmctYm90dG9tIjoiNDAifSwibW9iaWxlIjp7Im1hcmdpbi1ib3R0b20iOiI0MCIsInBhZGRpbmctdG9wIjoiNDAiLCJwYWRkaW5nLWJvdHRvbSI6IjMwIn19fQ==\u00bb mobile_bg_img_hidden=\u00bbno\u00bb tablet_bg_img_hidden=\u00bbno\u00bb woodmart_parallax=\u00bb0&#8243; woodmart_gradient_switch=\u00bbno\u00bb row_reverse_mobile=\u00bb0&#8243; row_reverse_tablet=\u00bb0&#8243; woodmart_disable_overflow=\u00bb0&#8243;][vc_column css=\u00bb.vc_custom_1494252825697{padding-top: 0px !important;}\u00bb]\n\t\t<div id=\"wd-65e9ce5b93e6c\" class=\"title-wrapper wd-wpb wd-set-mb reset-last-child  wd-rs-65e9ce5b93e6c wd-title-color-primary wd-title-style-default text-center vc_custom_1709821543736 wd-underline-colored\">\n\t\t\t\n\t\t\t<div class=\"liner-continer\">\n\t\t\t\t<h4 class=\"woodmart-title-container title  wd-font-weight- wd-fontsize-xxl\" >Nosotros<\/h4>\n\t\t\t\t\t\t\t<\/div>\n\t\t\t\n\t\t\t\n\t\t\t\n\t\t<\/div>\n\t\t\n\t\t\t\t\t<div id=\"wd-6167ef6501e3a\" class=\"testimonials wd-rs-6167ef6501e3a testimon-style-standard color-scheme-  testimon-align-center  wd-carousel-container\">\n\t\t\t\t\n\t\t\t\t\t\t\t\t\t<div class=\"wd-carousel-inner\">\n\t\t\t\t\t\t\t\t<div class=\" wd-carousel wd-grid\" data-scroll_per_page=\"yes\" style=\"--wd-col-lg:3;--wd-col-md:3;--wd-col-sm:1;--wd-gap-lg:30px;--wd-gap-sm:10px;\">\n\t\t\t\t\t\t\t\t\t\t\t<div class=\"wd-carousel-wrap\">\n\t\t\t\t\t\n\t\t\t\t\t\n<div class=\"testimonial  wd-carousel-item\">\n\t<div class=\"testimonial-inner\">\n\t\t\t\t\t<div class=\"testimonial-avatar\">\n\t\t\t\t<img loading=\"lazy\" decoding=\"async\" width=\"100\" height=\"100\" src=\"https:\/\/fiberpole.cl\/web\/wp-content\/uploads\/2024\/03\/Captura_de_pantalla_2024-03-07_113327-removebg-preview-100x100.png\" class=\"testimonial-avatar-image\" alt=\"\" srcset=\"https:\/\/fiberpole.cl\/web\/wp-content\/uploads\/2024\/03\/Captura_de_pantalla_2024-03-07_113327-removebg-preview-100x100.png 100w, https:\/\/fiberpole.cl\/web\/wp-content\/uploads\/2024\/03\/Captura_de_pantalla_2024-03-07_113327-removebg-preview-304x300.png 304w, https:\/\/fiberpole.cl\/web\/wp-content\/uploads\/2024\/03\/Captura_de_pantalla_2024-03-07_113327-removebg-preview-150x150.png 150w, https:\/\/fiberpole.cl\/web\/wp-content\/uploads\/2024\/03\/Captura_de_pantalla_2024-03-07_113327-removebg-preview.png 497w\" sizes=\"auto, (max-width: 100px) 100vw, 100px\" \/>\t\t\t<\/div>\n\t\t\n\t\t<div class=\"testimonial-content\">\n\t\t\t<div class=\"testimonial-rating\">\n\t\t\t\t<span class=\"star-rating\">\n\t\t\t\t\t<span style=\"width:100%\"><\/span>\n\t\t\t\t<\/span>\n\t\t\t<\/div>\n\n\t\t\t<span style=\"font-weight: 400;\">Con m\u00e1s de 18 a\u00f1os de experiencia en la industria, su historia en la empresa incluye roles clave como Product Manager de Equipos Anticorrosivos, liderando proyectos innovadores durante 6 a\u00f1os y como Ingeniero Mec\u00e1nico de Ventas en el sector minero, aportando con m\u00e1s de 13 a\u00f1os de experiencia en el desarrollo y comercializaci\u00f3n de soluciones y estrategias comerciales efectivas.<\/span><\/p>\n<p><span style=\"font-weight: 400;\">Su liderazgo ha sido fundamental para el crecimiento sostenido de Fiberpole, manteniendo relaciones s\u00f3lidas con clientes y colaboradores.<\/span>\n\t\t\t<footer>\n\t\t\t\tCarlos Parada\n\t\t\t\t\t\t\t\t\t<span>\n\t\t\t\t\t\tGerente Comercial\t\t\t\t\t<\/span>\n\t\t\t\t\t\t\t<\/footer>\n\t\t<\/div>\n\t<\/div>\n<\/div>\n<div class=\"testimonial  wd-carousel-item\">\n\t<div class=\"testimonial-inner\">\n\t\t\t\t\t<div class=\"testimonial-avatar\">\n\t\t\t\t<img loading=\"lazy\" decoding=\"async\" width=\"100\" height=\"100\" src=\"https:\/\/fiberpole.cl\/web\/wp-content\/uploads\/2024\/03\/Captura_de_pantalla_2024-03-07_113400-removebg-preview-100x100.png\" class=\"testimonial-avatar-image\" alt=\"\" srcset=\"https:\/\/fiberpole.cl\/web\/wp-content\/uploads\/2024\/03\/Captura_de_pantalla_2024-03-07_113400-removebg-preview-100x100.png 100w, https:\/\/fiberpole.cl\/web\/wp-content\/uploads\/2024\/03\/Captura_de_pantalla_2024-03-07_113400-removebg-preview-301x300.png 301w, https:\/\/fiberpole.cl\/web\/wp-content\/uploads\/2024\/03\/Captura_de_pantalla_2024-03-07_113400-removebg-preview-150x150.png 150w, https:\/\/fiberpole.cl\/web\/wp-content\/uploads\/2024\/03\/Captura_de_pantalla_2024-03-07_113400-removebg-preview.png 500w\" sizes=\"auto, (max-width: 100px) 100vw, 100px\" \/>\t\t\t<\/div>\n\t\t\n\t\t<div class=\"testimonial-content\">\n\t\t\t<div class=\"testimonial-rating\">\n\t\t\t\t<span class=\"star-rating\">\n\t\t\t\t\t<span style=\"width:100%\"><\/span>\n\t\t\t\t<\/span>\n\t\t\t<\/div>\n\n\t\t\t<span style=\"font-weight: 400;\">Con m\u00e1s de 10 a\u00f1os de experiencia en el \u00e1mbito de las ventas, se destaca como un representante valioso en el equipo de Fiberpole.\u00a0<\/span><\/p>\n<p><span style=\"font-weight: 400;\">Su dedicaci\u00f3n y conocimientos lo convierten en un l\u00edder en el campo, lo cual sumado a su experiencia se traduce en una comprensi\u00f3n profunda de las necesidades del cliente y una habilidad excepcional para proporcionar soluciones adaptadas.<\/span><\/p>\n<p>\n\t\t\t<footer>\n\t\t\t\tLeonardo Osorio Zuniga\n\t\t\t\t\t\t\t\t\t<span>\n\t\t\t\t\t\tEncargado Comercial - Ventas\t\t\t\t\t<\/span>\n\t\t\t\t\t\t\t<\/footer>\n\t\t<\/div>\n\t<\/div>\n<\/div>\n\t\t\t\t\t\t\t\t\t\t\t<\/div>\n\t\t\t\t\t\t\t\t\t<\/div>\n\n\t\t\t\t\t\t\t\t\t\t\t\t\t\t\t\t\t<div class=\"wd-nav-arrows wd-pos-sep wd-hover-1 wd-icon-1\">\n\t\t\t<div class=\"wd-btn-arrow wd-prev wd-disabled\">\n\t\t\t\t<div class=\"wd-arrow-inner\"><\/div>\n\t\t\t<\/div>\n\t\t\t<div class=\"wd-btn-arrow wd-next\">\n\t\t\t\t<div class=\"wd-arrow-inner\"><\/div>\n\t\t\t<\/div>\n\t\t<\/div>\n\t\t\t\t\t\t\t\n\t\t\t\t\t<\/div>\n\n\t\t\t\t\t\t\t\t\t\t\t\t\t\t\t\t\t<\/div>\n\t\t[\/vc_column][\/vc_row]<\/p>\n<\/div>","protected":false},"excerpt":{"rendered":"<p>[vc_row][vc_column][\/vc_column][\/vc_row][vc_row full_width=\u00bbstretch_row\u00bb css=\u00bb.vc_custom_1627904740378{margin-bottom: 100px !important;padding-top: 100px !important;padding-bottom: 65px !important;background-color: #f7f7f7 !important;}\u00bb woodmart_css_id=\u00bb6107dac046e95&#8243; responsive_spacing=\u00bbeyJwYXJhbV90eXBlIjoid29vZG1hcnRfcmVzcG9uc2l2ZV9zcGFjaW5nIiwic2VsZWN0b3JfaWQiOiI2MTA3ZGFjMDQ2ZTk1Iiwic2hvcnRjb2RlIjoidmNfcm93IiwiZGF0YSI6eyJ0YWJsZXQiOnsibWFyZ2luLWJvdHRvbSI6IjYwIiwicGFkZGluZy10b3AiOiI2MCIsInBhZGRpbmctYm90dG9tIjoiNDAifSwibW9iaWxlIjp7Im1hcmdpbi1ib3R0b20iOiI0MCIsInBhZGRpbmctdG9wIjoiNDAiLCJwYWRkaW5nLWJvdHRvbSI6IjMwIn19fQ==\u00bb mobile_bg_img_hidden=\u00bbno\u00bb tablet_bg_img_hidden=\u00bbno\u00bb woodmart_parallax=\u00bb0&#8243; woodmart_gradient_switch=\u00bbno\u00bb row_reverse_mobile=\u00bb0&#8243; row_reverse_tablet=\u00bb0&#8243; woodmart_disable_overflow=\u00bb0&#8243;][vc_column<\/p>\n","protected":false},"author":1,"featured_media":10146,"parent":0,"menu_order":0,"comment_status":"closed","ping_status":"closed","template":"","meta":{"footnotes":""},"class_list":["post-9535","page","type-page","status-publish","has-post-thumbnail","hentry"],"yoast_head":"<!-- This site is optimized with the Yoast SEO plugin v25.9 - https:\/\/yoast.com\/wordpress\/plugins\/seo\/ -->\n<title>Qui\u00e9nes Somos | Fiberpole PRFV Chile<\/title>\n<meta name=\"description\" content=\"Fiberpole es la empresa l\u00edder en fabricaci\u00f3n de postes de PRFV en Chile. Producci\u00f3n local, tecnolog\u00eda avanzada e innovaci\u00f3n en seguridad vial y urbana.\" \/>\n<meta name=\"robots\" content=\"index, follow, max-snippet:-1, max-image-preview:large, max-video-preview:-1\" \/>\n<link rel=\"canonical\" href=\"https:\/\/fiberpole.cl\/web\/quienes-somos-fiberpole\/\" \/>\n<meta property=\"og:locale\" content=\"es_ES\" \/>\n<meta property=\"og:type\" content=\"article\" \/>\n<meta property=\"og:title\" content=\"Qui\u00e9nes Somos | Fiberpole PRFV Chile\" \/>\n<meta property=\"og:description\" content=\"Fiberpole es la empresa l\u00edder en fabricaci\u00f3n de postes de PRFV en Chile. Producci\u00f3n local, tecnolog\u00eda avanzada e innovaci\u00f3n en seguridad vial y urbana.\" \/>\n<meta property=\"og:url\" content=\"https:\/\/fiberpole.cl\/web\/quienes-somos-fiberpole\/\" \/>\n<meta property=\"og:site_name\" content=\"Fiberpole\" \/>\n<meta property=\"article:modified_time\" content=\"2025-10-03T22:49:21+00:00\" \/>\n<meta property=\"og:image\" content=\"https:\/\/fiberpole.cl\/web\/wp-content\/uploads\/2025\/10\/FIBERPOLE-fondo-fibra.png\" \/>\n\t<meta property=\"og:image:width\" content=\"1409\" \/>\n\t<meta property=\"og:image:height\" content=\"776\" \/>\n\t<meta property=\"og:image:type\" content=\"image\/png\" \/>\n<meta name=\"twitter:card\" content=\"summary_large_image\" \/>\n<meta name=\"twitter:label1\" content=\"Tiempo de lectura\" \/>\n\t<meta name=\"twitter:data1\" content=\"7 minutos\" \/>\n<script type=\"application\/ld+json\" class=\"yoast-schema-graph\">{\"@context\":\"https:\/\/schema.org\",\"@graph\":[{\"@type\":\"WebPage\",\"@id\":\"https:\/\/fiberpole.cl\/web\/quienes-somos-fiberpole\/\",\"url\":\"https:\/\/fiberpole.cl\/web\/quienes-somos-fiberpole\/\",\"name\":\"Qui\u00e9nes Somos | Fiberpole PRFV Chile\",\"isPartOf\":{\"@id\":\"https:\/\/fiberpole.cl\/web\/#website\"},\"primaryImageOfPage\":{\"@id\":\"https:\/\/fiberpole.cl\/web\/quienes-somos-fiberpole\/#primaryimage\"},\"image\":{\"@id\":\"https:\/\/fiberpole.cl\/web\/quienes-somos-fiberpole\/#primaryimage\"},\"thumbnailUrl\":\"https:\/\/fiberpole.cl\/web\/wp-content\/uploads\/2025\/10\/FIBERPOLE-fondo-fibra.png\",\"datePublished\":\"2024-02-09T13:53:25+00:00\",\"dateModified\":\"2025-10-03T22:49:21+00:00\",\"description\":\"Fiberpole es la empresa l\u00edder en fabricaci\u00f3n de postes de PRFV en Chile. Producci\u00f3n local, tecnolog\u00eda avanzada e innovaci\u00f3n en seguridad vial y urbana.\",\"breadcrumb\":{\"@id\":\"https:\/\/fiberpole.cl\/web\/quienes-somos-fiberpole\/#breadcrumb\"},\"inLanguage\":\"es\",\"potentialAction\":[{\"@type\":\"ReadAction\",\"target\":[\"https:\/\/fiberpole.cl\/web\/quienes-somos-fiberpole\/\"]}]},{\"@type\":\"ImageObject\",\"inLanguage\":\"es\",\"@id\":\"https:\/\/fiberpole.cl\/web\/quienes-somos-fiberpole\/#primaryimage\",\"url\":\"https:\/\/fiberpole.cl\/web\/wp-content\/uploads\/2025\/10\/FIBERPOLE-fondo-fibra.png\",\"contentUrl\":\"https:\/\/fiberpole.cl\/web\/wp-content\/uploads\/2025\/10\/FIBERPOLE-fondo-fibra.png\",\"width\":1409,\"height\":776},{\"@type\":\"BreadcrumbList\",\"@id\":\"https:\/\/fiberpole.cl\/web\/quienes-somos-fiberpole\/#breadcrumb\",\"itemListElement\":[{\"@type\":\"ListItem\",\"position\":1,\"name\":\"Inicio\",\"item\":\"https:\/\/fiberpole.cl\/web\/\"},{\"@type\":\"ListItem\",\"position\":2,\"name\":\"Qui\u00e9nes Somos\"}]},{\"@type\":\"WebSite\",\"@id\":\"https:\/\/fiberpole.cl\/web\/#website\",\"url\":\"https:\/\/fiberpole.cl\/web\/\",\"name\":\"Fiberpole\",\"description\":\"Fabricaci\u00f3n de postes de vidrio, luz y distribuci\u00f3n\",\"publisher\":{\"@id\":\"https:\/\/fiberpole.cl\/web\/#organization\"},\"potentialAction\":[{\"@type\":\"SearchAction\",\"target\":{\"@type\":\"EntryPoint\",\"urlTemplate\":\"https:\/\/fiberpole.cl\/web\/?s={search_term_string}\"},\"query-input\":{\"@type\":\"PropertyValueSpecification\",\"valueRequired\":true,\"valueName\":\"search_term_string\"}}],\"inLanguage\":\"es\"},{\"@type\":\"Organization\",\"@id\":\"https:\/\/fiberpole.cl\/web\/#organization\",\"name\":\"Fiberpole\",\"alternateName\":\"Fiberpole SpA\",\"url\":\"https:\/\/fiberpole.cl\/web\/\",\"logo\":{\"@type\":\"ImageObject\",\"inLanguage\":\"es\",\"@id\":\"https:\/\/fiberpole.cl\/web\/#\/schema\/logo\/image\/\",\"url\":\"https:\/\/fiberpole.cl\/web\/wp-content\/uploads\/2025\/09\/logo-fiberpole-azul.webp\",\"contentUrl\":\"https:\/\/fiberpole.cl\/web\/wp-content\/uploads\/2025\/09\/logo-fiberpole-azul.webp\",\"width\":150,\"height\":150,\"caption\":\"Fiberpole\"},\"image\":{\"@id\":\"https:\/\/fiberpole.cl\/web\/#\/schema\/logo\/image\/\"},\"sameAs\":[\"https:\/\/www.linkedin.com\/company\/fiberpole\/\"]}]}<\/script>\n<!-- \/ Yoast SEO plugin. -->","yoast_head_json":{"title":"Qui\u00e9nes Somos | Fiberpole PRFV Chile","description":"Fiberpole es la empresa l\u00edder en fabricaci\u00f3n de postes de PRFV en Chile. Producci\u00f3n local, tecnolog\u00eda avanzada e innovaci\u00f3n en seguridad vial y urbana.","robots":{"index":"index","follow":"follow","max-snippet":"max-snippet:-1","max-image-preview":"max-image-preview:large","max-video-preview":"max-video-preview:-1"},"canonical":"https:\/\/fiberpole.cl\/web\/quienes-somos-fiberpole\/","og_locale":"es_ES","og_type":"article","og_title":"Qui\u00e9nes Somos | Fiberpole PRFV Chile","og_description":"Fiberpole es la empresa l\u00edder en fabricaci\u00f3n de postes de PRFV en Chile. Producci\u00f3n local, tecnolog\u00eda avanzada e innovaci\u00f3n en seguridad vial y urbana.","og_url":"https:\/\/fiberpole.cl\/web\/quienes-somos-fiberpole\/","og_site_name":"Fiberpole","article_modified_time":"2025-10-03T22:49:21+00:00","og_image":[{"width":1409,"height":776,"url":"https:\/\/fiberpole.cl\/web\/wp-content\/uploads\/2025\/10\/FIBERPOLE-fondo-fibra.png","type":"image\/png"}],"twitter_card":"summary_large_image","twitter_misc":{"Tiempo de lectura":"7 minutos"},"schema":{"@context":"https:\/\/schema.org","@graph":[{"@type":"WebPage","@id":"https:\/\/fiberpole.cl\/web\/quienes-somos-fiberpole\/","url":"https:\/\/fiberpole.cl\/web\/quienes-somos-fiberpole\/","name":"Qui\u00e9nes Somos | Fiberpole PRFV Chile","isPartOf":{"@id":"https:\/\/fiberpole.cl\/web\/#website"},"primaryImageOfPage":{"@id":"https:\/\/fiberpole.cl\/web\/quienes-somos-fiberpole\/#primaryimage"},"image":{"@id":"https:\/\/fiberpole.cl\/web\/quienes-somos-fiberpole\/#primaryimage"},"thumbnailUrl":"https:\/\/fiberpole.cl\/web\/wp-content\/uploads\/2025\/10\/FIBERPOLE-fondo-fibra.png","datePublished":"2024-02-09T13:53:25+00:00","dateModified":"2025-10-03T22:49:21+00:00","description":"Fiberpole es la empresa l\u00edder en fabricaci\u00f3n de postes de PRFV en Chile. Producci\u00f3n local, tecnolog\u00eda avanzada e innovaci\u00f3n en seguridad vial y urbana.","breadcrumb":{"@id":"https:\/\/fiberpole.cl\/web\/quienes-somos-fiberpole\/#breadcrumb"},"inLanguage":"es","potentialAction":[{"@type":"ReadAction","target":["https:\/\/fiberpole.cl\/web\/quienes-somos-fiberpole\/"]}]},{"@type":"ImageObject","inLanguage":"es","@id":"https:\/\/fiberpole.cl\/web\/quienes-somos-fiberpole\/#primaryimage","url":"https:\/\/fiberpole.cl\/web\/wp-content\/uploads\/2025\/10\/FIBERPOLE-fondo-fibra.png","contentUrl":"https:\/\/fiberpole.cl\/web\/wp-content\/uploads\/2025\/10\/FIBERPOLE-fondo-fibra.png","width":1409,"height":776},{"@type":"BreadcrumbList","@id":"https:\/\/fiberpole.cl\/web\/quienes-somos-fiberpole\/#breadcrumb","itemListElement":[{"@type":"ListItem","position":1,"name":"Inicio","item":"https:\/\/fiberpole.cl\/web\/"},{"@type":"ListItem","position":2,"name":"Qui\u00e9nes Somos"}]},{"@type":"WebSite","@id":"https:\/\/fiberpole.cl\/web\/#website","url":"https:\/\/fiberpole.cl\/web\/","name":"Fiberpole","description":"Fabricaci\u00f3n de postes de vidrio, luz y distribuci\u00f3n","publisher":{"@id":"https:\/\/fiberpole.cl\/web\/#organization"},"potentialAction":[{"@type":"SearchAction","target":{"@type":"EntryPoint","urlTemplate":"https:\/\/fiberpole.cl\/web\/?s={search_term_string}"},"query-input":{"@type":"PropertyValueSpecification","valueRequired":true,"valueName":"search_term_string"}}],"inLanguage":"es"},{"@type":"Organization","@id":"https:\/\/fiberpole.cl\/web\/#organization","name":"Fiberpole","alternateName":"Fiberpole SpA","url":"https:\/\/fiberpole.cl\/web\/","logo":{"@type":"ImageObject","inLanguage":"es","@id":"https:\/\/fiberpole.cl\/web\/#\/schema\/logo\/image\/","url":"https:\/\/fiberpole.cl\/web\/wp-content\/uploads\/2025\/09\/logo-fiberpole-azul.webp","contentUrl":"https:\/\/fiberpole.cl\/web\/wp-content\/uploads\/2025\/09\/logo-fiberpole-azul.webp","width":150,"height":150,"caption":"Fiberpole"},"image":{"@id":"https:\/\/fiberpole.cl\/web\/#\/schema\/logo\/image\/"},"sameAs":["https:\/\/www.linkedin.com\/company\/fiberpole\/"]}]}},"_links":{"self":[{"href":"https:\/\/fiberpole.cl\/web\/wp-json\/wp\/v2\/pages\/9535","targetHints":{"allow":["GET"]}}],"collection":[{"href":"https:\/\/fiberpole.cl\/web\/wp-json\/wp\/v2\/pages"}],"about":[{"href":"https:\/\/fiberpole.cl\/web\/wp-json\/wp\/v2\/types\/page"}],"author":[{"embeddable":true,"href":"https:\/\/fiberpole.cl\/web\/wp-json\/wp\/v2\/users\/1"}],"replies":[{"embeddable":true,"href":"https:\/\/fiberpole.cl\/web\/wp-json\/wp\/v2\/comments?post=9535"}],"version-history":[{"count":3,"href":"https:\/\/fiberpole.cl\/web\/wp-json\/wp\/v2\/pages\/9535\/revisions"}],"predecessor-version":[{"id":10151,"href":"https:\/\/fiberpole.cl\/web\/wp-json\/wp\/v2\/pages\/9535\/revisions\/10151"}],"wp:featuredmedia":[{"embeddable":true,"href":"https:\/\/fiberpole.cl\/web\/wp-json\/wp\/v2\/media\/10146"}],"wp:attachment":[{"href":"https:\/\/fiberpole.cl\/web\/wp-json\/wp\/v2\/media?parent=9535"}],"curies":[{"name":"wp","href":"https:\/\/api.w.org\/{rel}","templated":true}]}}