{"id":9666,"date":"2024-03-07T15:01:46","date_gmt":"2024-03-07T15:01:46","guid":{"rendered":"https:\/\/fiberpole.cl\/web\/?page_id=9666"},"modified":"2025-10-03T23:28:11","modified_gmt":"2025-10-03T23:28:11","slug":"postes-de-iluminacion","status":"publish","type":"page","link":"https:\/\/fiberpole.cl\/web\/postes-de-iluminacion\/","title":{"rendered":"Postes de PRFV para Iluminaci\u00f3n"},"content":{"rendered":"<div class=\"wpb-content-wrapper\"><p>[vc_row][vc_column width=\u00bb1\/2&#8243; css=\u00bb.vc_custom_1681394428947{padding-top: 0px !important;}\u00bb woodmart_css_id=\u00bb64380af9cd2c0&#8243; parallax_scroll=\u00bbno\u00bb woodmart_sticky_column=\u00bbfalse\u00bb wd_collapsible_content_switcher=\u00bbno\u00bb wd_column_role_offcanvas_desktop=\u00bbno\u00bb wd_column_role_offcanvas_tablet=\u00bbno\u00bb wd_column_role_offcanvas_mobile=\u00bbno\u00bb wd_column_role_content_desktop=\u00bbno\u00bb wd_column_role_content_tablet=\u00bbno\u00bb wd_column_role_content_mobile=\u00bbno\u00bb mobile_bg_img_hidden=\u00bbno\u00bb tablet_bg_img_hidden=\u00bbno\u00bb woodmart_parallax=\u00bb0&#8243; woodmart_box_shadow=\u00bbno\u00bb responsive_spacing=\u00bbeyJwYXJhbV90eXBlIjoid29vZG1hcnRfcmVzcG9uc2l2ZV9zcGFjaW5nIiwic2VsZWN0b3JfaWQiOiI2NDM4MGFmOWNkMmMwIiwic2hvcnRjb2RlIjoidmNfY29sdW1uIiwiZGF0YSI6eyJ0YWJsZXQiOnt9LCJtb2JpbGUiOnt9fX0=\u00bb mobile_reset_margin=\u00bbno\u00bb tablet_reset_margin=\u00bbno\u00bb wd_z_index=\u00bbno\u00bb]\n\t\t<div id=\"wd-68e05b97826b5\" class=\"title-wrapper wd-wpb wd-set-mb reset-last-child  wd-rs-68e05b97826b5 wd-title-color-default wd-title-style-default text-left vc_custom_1759534177883 wd-underline-colored\">\n\t\t\t\n\t\t\t<div class=\"liner-continer\">\n\t\t\t\t<h4 class=\"woodmart-title-container title  wd-font-weight- wd-fontsize-xl\" >Postes de Iluminaci\u00f3n<\/h4>\n\t\t\t\t\t\t\t<\/div>\n\t\t\t\n\t\t\t\n\t\t\t\n\t\t<\/div>\n\t\t\n\t\t\t\t<div id=\"wd-68e05864c2893\" class=\"wd-text-block wd-wpb reset-last-child wd-rs-68e05864c2893 text-left vc_custom_1759533344171\">\n\t\t\t<p data-start=\"530\" data-end=\"766\">En <strong data-start=\"533\" data-end=\"546\">Fiberpole<\/strong> fabricamos <strong data-start=\"558\" data-end=\"632\">postes de iluminaci\u00f3n de PRFV (Pol\u00edmero Reforzado con Fibra de Vidrio)<\/strong>, dise\u00f1ados para proyectos de <strong data-start=\"662\" data-end=\"692\">alumbrado p\u00fablico en Chile<\/strong> que requieren soluciones seguras, duraderas y est\u00e9ticamente vers\u00e1tiles.<\/p>\n<p data-start=\"768\" data-end=\"1051\">Nuestros postes de <strong data-start=\"787\" data-end=\"816\">alumbrado p\u00fablico de PRFV<\/strong> est\u00e1n disponibles en alturas desde <strong data-start=\"852\" data-end=\"864\">3 metros<\/strong>, con la posibilidad de <strong data-start=\"888\" data-end=\"937\">personalizaci\u00f3n en una amplia gama de colores<\/strong> seg\u00fan la carta <strong data-start=\"953\" data-end=\"960\">RAL<\/strong>, lo que permite su integraci\u00f3n arm\u00f3nica en distintos entornos urbanos y arquitect\u00f3nicos.<\/p>\n<p data-start=\"1053\" data-end=\"1174\">Gracias a un <strong data-start=\"1066\" data-end=\"1087\">dise\u00f1o optimizado<\/strong> y al uso de <strong data-start=\"1100\" data-end=\"1135\">materias primas de alta calidad<\/strong>, ofrecemos una soluci\u00f3n que combina:<\/p>\n<ul data-start=\"1176\" data-end=\"1537\">\n<li data-start=\"1176\" data-end=\"1260\">\n<p data-start=\"1178\" data-end=\"1260\"><strong data-start=\"1178\" data-end=\"1207\">Durabilidad y resistencia<\/strong> frente a la intemperie, la corrosi\u00f3n y la humedad.<\/p>\n<\/li>\n<li data-start=\"1261\" data-end=\"1368\">\n<p data-start=\"1263\" data-end=\"1368\"><strong data-start=\"1263\" data-end=\"1290\">Seguridad vial mejorada<\/strong>, gracias a la condici\u00f3n colapsable del PRFV en caso de choques vehiculares.<\/p>\n<\/li>\n<li data-start=\"1369\" data-end=\"1465\">\n<p data-start=\"1371\" data-end=\"1465\"><strong data-start=\"1371\" data-end=\"1407\">Versatilidad en dise\u00f1o y colores<\/strong>, adapt\u00e1ndose a las necesidades de cada proyecto urbano.<\/p>\n<\/li>\n<li data-start=\"1466\" data-end=\"1537\">\n<p data-start=\"1468\" data-end=\"1537\"><strong data-start=\"1468\" data-end=\"1492\">Mantenimiento m\u00ednimo<\/strong>, con una vida \u00fatil que supera los 50 a\u00f1os.<\/p>\n<\/li>\n<\/ul>\n<p data-start=\"1539\" data-end=\"1746\">Los <strong data-start=\"1543\" data-end=\"1571\">postes de PRFV Fiberpole<\/strong> representan la evoluci\u00f3n en <strong data-start=\"1600\" data-end=\"1642\">iluminaci\u00f3n urbana sostenible en Chile<\/strong>, aportando confiabilidad, est\u00e9tica y eficiencia a proyectos de alumbrado p\u00fablico de cualquier escala.<\/p>\n\t\t<\/div>\n\t\t<div id=\"wd-65eb0d62eb8e8\" class=\" wd-rs-65eb0d62eb8e8 vc_custom_1709903250565 wd-button-wrapper text-center inline-element\"><a href=\"https:\/\/fiberpole.cl\/web\/contacto\/\" title=\"\" style=\"--btn-color:#fff;--btn-color-hover:#fff;\" class=\"btn btn-style-default btn-shape-round btn-size-default btn-icon-pos-left\">Cotizar<span class=\"wd-btn-icon\"><img loading=\"lazy\" decoding=\"async\" width=\"25\" height=\"25\" src=\"https:\/\/fiberpole.cl\/web\/wp-content\/uploads\/2024\/01\/icono-mas-25x25.png\" class=\"attachment-25x25 size-25x25\" alt=\"\" srcset=\"https:\/\/fiberpole.cl\/web\/wp-content\/uploads\/2024\/01\/icono-mas-25x25.png 25w, https:\/\/fiberpole.cl\/web\/wp-content\/uploads\/2024\/01\/icono-mas-32x32.png 32w, https:\/\/fiberpole.cl\/web\/wp-content\/uploads\/2024\/01\/icono-mas-16x16.png 16w, https:\/\/fiberpole.cl\/web\/wp-content\/uploads\/2024\/01\/icono-mas.png 120w\" sizes=\"auto, (max-width: 25px) 100vw, 25px\" \/><\/span><\/a><\/div>[\/vc_column][vc_column width=\u00bb1\/2&#8243; horizontal_alignment=\u00bbeyJkZXZpY2VzIjp7ImRlc2t0b3AiOnsidmFsdWUiOiJzcGFjZS1iZXR3ZWVuIn0sInRhYmxldCI6eyJ2YWx1ZSI6IiJ9LCJtb2JpbGUiOnsidmFsdWUiOiIifX19&#8243; css=\u00bb.vc_custom_1681394715610{padding-top: 0px !important;}\u00bb woodmart_css_id=\u00bb64380c1773be4&#8243; parallax_scroll=\u00bbno\u00bb woodmart_sticky_column=\u00bbfalse\u00bb wd_collapsible_content_switcher=\u00bbno\u00bb wd_column_role_offcanvas_desktop=\u00bbno\u00bb wd_column_role_offcanvas_tablet=\u00bbno\u00bb wd_column_role_offcanvas_mobile=\u00bbno\u00bb wd_column_role_content_desktop=\u00bbno\u00bb wd_column_role_content_tablet=\u00bbno\u00bb wd_column_role_content_mobile=\u00bbno\u00bb mobile_bg_img_hidden=\u00bbno\u00bb tablet_bg_img_hidden=\u00bbno\u00bb woodmart_parallax=\u00bb0&#8243; woodmart_box_shadow=\u00bbno\u00bb responsive_spacing=\u00bbeyJwYXJhbV90eXBlIjoid29vZG1hcnRfcmVzcG9uc2l2ZV9zcGFjaW5nIiwic2VsZWN0b3JfaWQiOiI2NDM4MGMxNzczYmU0Iiwic2hvcnRjb2RlIjoidmNfY29sdW1uIiwiZGF0YSI6eyJ0YWJsZXQiOnt9LCJtb2JpbGUiOnt9fX0=\u00bb mobile_reset_margin=\u00bbno\u00bb tablet_reset_margin=\u00bbno\u00bb wd_z_index=\u00bbno\u00bb][vc_images_carousel images=\u00bb10153,10152,10139,10113,10114,10112,10116,10111,9674&#8243; img_size=\u00bb600&#215;380&#8243; css=\u00bb\u00bb][vc_video link=\u00bbhttps:\/\/www.youtube.com\/watch?v=mrh5WBQCwg4&#8243; css=\u00bb\u00bb woodmart_css_id=\u00bb68e05b187385f\u00bb image_poster_switch=\u00bbno\u00bb][\/vc_column][\/vc_row]<\/p>\n<\/div>","protected":false},"excerpt":{"rendered":"<p>[vc_row][vc_column width=\u00bb1\/2&#8243; css=\u00bb.vc_custom_1681394428947{padding-top: 0px !important;}\u00bb woodmart_css_id=\u00bb64380af9cd2c0&#8243; parallax_scroll=\u00bbno\u00bb woodmart_sticky_column=\u00bbfalse\u00bb wd_collapsible_content_switcher=\u00bbno\u00bb wd_column_role_offcanvas_desktop=\u00bbno\u00bb wd_column_role_offcanvas_tablet=\u00bbno\u00bb wd_column_role_offcanvas_mobile=\u00bbno\u00bb wd_column_role_content_desktop=\u00bbno\u00bb wd_column_role_content_tablet=\u00bbno\u00bb wd_column_role_content_mobile=\u00bbno\u00bb mobile_bg_img_hidden=\u00bbno\u00bb tablet_bg_img_hidden=\u00bbno\u00bb woodmart_parallax=\u00bb0&#8243; woodmart_box_shadow=\u00bbno\u00bb responsive_spacing=\u00bbeyJwYXJhbV90eXBlIjoid29vZG1hcnRfcmVzcG9uc2l2ZV9zcGFjaW5nIiwic2VsZWN0b3JfaWQiOiI2NDM4MGFmOWNkMmMwIiwic2hvcnRjb2RlIjoidmNfY29sdW1uIiwiZGF0YSI6eyJ0YWJsZXQiOnt9LCJtb2JpbGUiOnt9fX0=\u00bb<\/p>\n","protected":false},"author":1,"featured_media":10116,"parent":0,"menu_order":0,"comment_status":"closed","ping_status":"closed","template":"","meta":{"footnotes":""},"class_list":["post-9666","page","type-page","status-publish","has-post-thumbnail","hentry"],"yoast_head":"<!-- This site is optimized with the Yoast SEO plugin v25.9 - https:\/\/yoast.com\/wordpress\/plugins\/seo\/ -->\n<title>Postes de PRFV para Iluminaci\u00f3n | Fiberpole<\/title>\n<meta name=\"description\" content=\"Postes de iluminaci\u00f3n en PRFV para alumbrado p\u00fablico y espacios urbanos en Chile: diel\u00e9ctricos, ligeros y de bajo mantenimiento, con amplia gama RAL.\" \/>\n<meta name=\"robots\" content=\"index, follow, max-snippet:-1, max-image-preview:large, max-video-preview:-1\" \/>\n<link rel=\"canonical\" href=\"https:\/\/fiberpole.cl\/web\/postes-de-iluminacion\/\" \/>\n<meta property=\"og:locale\" content=\"es_ES\" \/>\n<meta property=\"og:type\" content=\"article\" \/>\n<meta property=\"og:title\" content=\"Postes de PRFV para Iluminaci\u00f3n | Fiberpole\" \/>\n<meta property=\"og:description\" content=\"Postes de iluminaci\u00f3n en PRFV para alumbrado p\u00fablico y espacios urbanos en Chile: diel\u00e9ctricos, ligeros y de bajo mantenimiento, con amplia gama RAL.\" \/>\n<meta property=\"og:url\" content=\"https:\/\/fiberpole.cl\/web\/postes-de-iluminacion\/\" \/>\n<meta property=\"og:site_name\" content=\"Fiberpole\" \/>\n<meta property=\"article:modified_time\" content=\"2025-10-03T23:28:11+00:00\" \/>\n<meta property=\"og:image\" content=\"https:\/\/fiberpole.cl\/web\/wp-content\/uploads\/2025\/10\/DSC03080-scaled.jpg\" \/>\n\t<meta property=\"og:image:width\" content=\"2560\" \/>\n\t<meta property=\"og:image:height\" content=\"1658\" \/>\n\t<meta property=\"og:image:type\" content=\"image\/jpeg\" \/>\n<meta name=\"twitter:card\" content=\"summary_large_image\" \/>\n<meta name=\"twitter:label1\" content=\"Tiempo de lectura\" \/>\n\t<meta name=\"twitter:data1\" content=\"13 minutos\" \/>\n<script type=\"application\/ld+json\" class=\"yoast-schema-graph\">{\"@context\":\"https:\/\/schema.org\",\"@graph\":[{\"@type\":\"WebPage\",\"@id\":\"https:\/\/fiberpole.cl\/web\/postes-de-iluminacion\/\",\"url\":\"https:\/\/fiberpole.cl\/web\/postes-de-iluminacion\/\",\"name\":\"Postes de PRFV para Iluminaci\u00f3n | Fiberpole\",\"isPartOf\":{\"@id\":\"https:\/\/fiberpole.cl\/web\/#website\"},\"primaryImageOfPage\":{\"@id\":\"https:\/\/fiberpole.cl\/web\/postes-de-iluminacion\/#primaryimage\"},\"image\":{\"@id\":\"https:\/\/fiberpole.cl\/web\/postes-de-iluminacion\/#primaryimage\"},\"thumbnailUrl\":\"https:\/\/fiberpole.cl\/web\/wp-content\/uploads\/2025\/10\/DSC03080-scaled.jpg\",\"datePublished\":\"2024-03-07T15:01:46+00:00\",\"dateModified\":\"2025-10-03T23:28:11+00:00\",\"description\":\"Postes de iluminaci\u00f3n en PRFV para alumbrado p\u00fablico y espacios urbanos en Chile: diel\u00e9ctricos, ligeros y de bajo mantenimiento, con amplia gama RAL.\",\"breadcrumb\":{\"@id\":\"https:\/\/fiberpole.cl\/web\/postes-de-iluminacion\/#breadcrumb\"},\"inLanguage\":\"es\",\"potentialAction\":[{\"@type\":\"ReadAction\",\"target\":[\"https:\/\/fiberpole.cl\/web\/postes-de-iluminacion\/\"]}]},{\"@type\":\"ImageObject\",\"inLanguage\":\"es\",\"@id\":\"https:\/\/fiberpole.cl\/web\/postes-de-iluminacion\/#primaryimage\",\"url\":\"https:\/\/fiberpole.cl\/web\/wp-content\/uploads\/2025\/10\/DSC03080-scaled.jpg\",\"contentUrl\":\"https:\/\/fiberpole.cl\/web\/wp-content\/uploads\/2025\/10\/DSC03080-scaled.jpg\",\"width\":2560,\"height\":1658},{\"@type\":\"BreadcrumbList\",\"@id\":\"https:\/\/fiberpole.cl\/web\/postes-de-iluminacion\/#breadcrumb\",\"itemListElement\":[{\"@type\":\"ListItem\",\"position\":1,\"name\":\"Inicio\",\"item\":\"https:\/\/fiberpole.cl\/web\/\"},{\"@type\":\"ListItem\",\"position\":2,\"name\":\"Postes de PRFV para Iluminaci\u00f3n\"}]},{\"@type\":\"WebSite\",\"@id\":\"https:\/\/fiberpole.cl\/web\/#website\",\"url\":\"https:\/\/fiberpole.cl\/web\/\",\"name\":\"Fiberpole\",\"description\":\"Fabricaci\u00f3n de postes de vidrio, luz y distribuci\u00f3n\",\"publisher\":{\"@id\":\"https:\/\/fiberpole.cl\/web\/#organization\"},\"potentialAction\":[{\"@type\":\"SearchAction\",\"target\":{\"@type\":\"EntryPoint\",\"urlTemplate\":\"https:\/\/fiberpole.cl\/web\/?s={search_term_string}\"},\"query-input\":{\"@type\":\"PropertyValueSpecification\",\"valueRequired\":true,\"valueName\":\"search_term_string\"}}],\"inLanguage\":\"es\"},{\"@type\":\"Organization\",\"@id\":\"https:\/\/fiberpole.cl\/web\/#organization\",\"name\":\"Fiberpole\",\"alternateName\":\"Fiberpole SpA\",\"url\":\"https:\/\/fiberpole.cl\/web\/\",\"logo\":{\"@type\":\"ImageObject\",\"inLanguage\":\"es\",\"@id\":\"https:\/\/fiberpole.cl\/web\/#\/schema\/logo\/image\/\",\"url\":\"https:\/\/fiberpole.cl\/web\/wp-content\/uploads\/2025\/09\/logo-fiberpole-azul.webp\",\"contentUrl\":\"https:\/\/fiberpole.cl\/web\/wp-content\/uploads\/2025\/09\/logo-fiberpole-azul.webp\",\"width\":150,\"height\":150,\"caption\":\"Fiberpole\"},\"image\":{\"@id\":\"https:\/\/fiberpole.cl\/web\/#\/schema\/logo\/image\/\"},\"sameAs\":[\"https:\/\/www.linkedin.com\/company\/fiberpole\/\"]}]}<\/script>\n<!-- \/ Yoast SEO plugin. -->","yoast_head_json":{"title":"Postes de PRFV para Iluminaci\u00f3n | Fiberpole","description":"Postes de iluminaci\u00f3n en PRFV para alumbrado p\u00fablico y espacios urbanos en Chile: diel\u00e9ctricos, ligeros y de bajo mantenimiento, con amplia gama RAL.","robots":{"index":"index","follow":"follow","max-snippet":"max-snippet:-1","max-image-preview":"max-image-preview:large","max-video-preview":"max-video-preview:-1"},"canonical":"https:\/\/fiberpole.cl\/web\/postes-de-iluminacion\/","og_locale":"es_ES","og_type":"article","og_title":"Postes de PRFV para Iluminaci\u00f3n | Fiberpole","og_description":"Postes de iluminaci\u00f3n en PRFV para alumbrado p\u00fablico y espacios urbanos en Chile: diel\u00e9ctricos, ligeros y de bajo mantenimiento, con amplia gama RAL.","og_url":"https:\/\/fiberpole.cl\/web\/postes-de-iluminacion\/","og_site_name":"Fiberpole","article_modified_time":"2025-10-03T23:28:11+00:00","og_image":[{"width":2560,"height":1658,"url":"https:\/\/fiberpole.cl\/web\/wp-content\/uploads\/2025\/10\/DSC03080-scaled.jpg","type":"image\/jpeg"}],"twitter_card":"summary_large_image","twitter_misc":{"Tiempo de lectura":"13 minutos"},"schema":{"@context":"https:\/\/schema.org","@graph":[{"@type":"WebPage","@id":"https:\/\/fiberpole.cl\/web\/postes-de-iluminacion\/","url":"https:\/\/fiberpole.cl\/web\/postes-de-iluminacion\/","name":"Postes de PRFV para Iluminaci\u00f3n | Fiberpole","isPartOf":{"@id":"https:\/\/fiberpole.cl\/web\/#website"},"primaryImageOfPage":{"@id":"https:\/\/fiberpole.cl\/web\/postes-de-iluminacion\/#primaryimage"},"image":{"@id":"https:\/\/fiberpole.cl\/web\/postes-de-iluminacion\/#primaryimage"},"thumbnailUrl":"https:\/\/fiberpole.cl\/web\/wp-content\/uploads\/2025\/10\/DSC03080-scaled.jpg","datePublished":"2024-03-07T15:01:46+00:00","dateModified":"2025-10-03T23:28:11+00:00","description":"Postes de iluminaci\u00f3n en PRFV para alumbrado p\u00fablico y espacios urbanos en Chile: diel\u00e9ctricos, ligeros y de bajo mantenimiento, con amplia gama RAL.","breadcrumb":{"@id":"https:\/\/fiberpole.cl\/web\/postes-de-iluminacion\/#breadcrumb"},"inLanguage":"es","potentialAction":[{"@type":"ReadAction","target":["https:\/\/fiberpole.cl\/web\/postes-de-iluminacion\/"]}]},{"@type":"ImageObject","inLanguage":"es","@id":"https:\/\/fiberpole.cl\/web\/postes-de-iluminacion\/#primaryimage","url":"https:\/\/fiberpole.cl\/web\/wp-content\/uploads\/2025\/10\/DSC03080-scaled.jpg","contentUrl":"https:\/\/fiberpole.cl\/web\/wp-content\/uploads\/2025\/10\/DSC03080-scaled.jpg","width":2560,"height":1658},{"@type":"BreadcrumbList","@id":"https:\/\/fiberpole.cl\/web\/postes-de-iluminacion\/#breadcrumb","itemListElement":[{"@type":"ListItem","position":1,"name":"Inicio","item":"https:\/\/fiberpole.cl\/web\/"},{"@type":"ListItem","position":2,"name":"Postes de PRFV para Iluminaci\u00f3n"}]},{"@type":"WebSite","@id":"https:\/\/fiberpole.cl\/web\/#website","url":"https:\/\/fiberpole.cl\/web\/","name":"Fiberpole","description":"Fabricaci\u00f3n de postes de vidrio, luz y distribuci\u00f3n","publisher":{"@id":"https:\/\/fiberpole.cl\/web\/#organization"},"potentialAction":[{"@type":"SearchAction","target":{"@type":"EntryPoint","urlTemplate":"https:\/\/fiberpole.cl\/web\/?s={search_term_string}"},"query-input":{"@type":"PropertyValueSpecification","valueRequired":true,"valueName":"search_term_string"}}],"inLanguage":"es"},{"@type":"Organization","@id":"https:\/\/fiberpole.cl\/web\/#organization","name":"Fiberpole","alternateName":"Fiberpole SpA","url":"https:\/\/fiberpole.cl\/web\/","logo":{"@type":"ImageObject","inLanguage":"es","@id":"https:\/\/fiberpole.cl\/web\/#\/schema\/logo\/image\/","url":"https:\/\/fiberpole.cl\/web\/wp-content\/uploads\/2025\/09\/logo-fiberpole-azul.webp","contentUrl":"https:\/\/fiberpole.cl\/web\/wp-content\/uploads\/2025\/09\/logo-fiberpole-azul.webp","width":150,"height":150,"caption":"Fiberpole"},"image":{"@id":"https:\/\/fiberpole.cl\/web\/#\/schema\/logo\/image\/"},"sameAs":["https:\/\/www.linkedin.com\/company\/fiberpole\/"]}]}},"_links":{"self":[{"href":"https:\/\/fiberpole.cl\/web\/wp-json\/wp\/v2\/pages\/9666","targetHints":{"allow":["GET"]}}],"collection":[{"href":"https:\/\/fiberpole.cl\/web\/wp-json\/wp\/v2\/pages"}],"about":[{"href":"https:\/\/fiberpole.cl\/web\/wp-json\/wp\/v2\/types\/page"}],"author":[{"embeddable":true,"href":"https:\/\/fiberpole.cl\/web\/wp-json\/wp\/v2\/users\/1"}],"replies":[{"embeddable":true,"href":"https:\/\/fiberpole.cl\/web\/wp-json\/wp\/v2\/comments?post=9666"}],"version-history":[{"count":5,"href":"https:\/\/fiberpole.cl\/web\/wp-json\/wp\/v2\/pages\/9666\/revisions"}],"predecessor-version":[{"id":10154,"href":"https:\/\/fiberpole.cl\/web\/wp-json\/wp\/v2\/pages\/9666\/revisions\/10154"}],"wp:featuredmedia":[{"embeddable":true,"href":"https:\/\/fiberpole.cl\/web\/wp-json\/wp\/v2\/media\/10116"}],"wp:attachment":[{"href":"https:\/\/fiberpole.cl\/web\/wp-json\/wp\/v2\/media?parent=9666"}],"curies":[{"name":"wp","href":"https:\/\/api.w.org\/{rel}","templated":true}]}}