{"id":9680,"date":"2024-03-07T15:25:33","date_gmt":"2024-03-07T15:25:33","guid":{"rendered":"https:\/\/fiberpole.cl\/web\/?page_id=9680"},"modified":"2025-10-03T23:46:14","modified_gmt":"2025-10-03T23:46:14","slug":"poste-de-distribucion-electrica","status":"publish","type":"page","link":"https:\/\/fiberpole.cl\/web\/poste-de-distribucion-electrica\/","title":{"rendered":"Postes de distribuci\u00f3n el\u00e9ctrica en PRFV"},"content":{"rendered":"<div class=\"wpb-content-wrapper\"><p>[vc_row][vc_column width=\u00bb1\/2&#8243; css=\u00bb.vc_custom_1681394428947{padding-top: 0px !important;}\u00bb woodmart_css_id=\u00bb64380af9cd2c0&#8243; parallax_scroll=\u00bbno\u00bb woodmart_sticky_column=\u00bbfalse\u00bb wd_collapsible_content_switcher=\u00bbno\u00bb wd_column_role_offcanvas_desktop=\u00bbno\u00bb wd_column_role_offcanvas_tablet=\u00bbno\u00bb wd_column_role_offcanvas_mobile=\u00bbno\u00bb wd_column_role_content_desktop=\u00bbno\u00bb wd_column_role_content_tablet=\u00bbno\u00bb wd_column_role_content_mobile=\u00bbno\u00bb mobile_bg_img_hidden=\u00bbno\u00bb tablet_bg_img_hidden=\u00bbno\u00bb woodmart_parallax=\u00bb0&#8243; woodmart_box_shadow=\u00bbno\u00bb responsive_spacing=\u00bbeyJwYXJhbV90eXBlIjoid29vZG1hcnRfcmVzcG9uc2l2ZV9zcGFjaW5nIiwic2VsZWN0b3JfaWQiOiI2NDM4MGFmOWNkMmMwIiwic2hvcnRjb2RlIjoidmNfY29sdW1uIiwiZGF0YSI6eyJ0YWJsZXQiOnt9LCJtb2JpbGUiOnt9fX0=\u00bb mobile_reset_margin=\u00bbno\u00bb tablet_reset_margin=\u00bbno\u00bb wd_z_index=\u00bbno\u00bb]\n\t\t<div id=\"wd-65e9df070ee48\" class=\"title-wrapper wd-wpb wd-set-mb reset-last-child  wd-rs-65e9df070ee48 wd-title-color-default wd-title-style-default text-left vc_custom_1709825807132 wd-underline-colored\">\n\t\t\t\n\t\t\t<div class=\"liner-continer\">\n\t\t\t\t<h4 class=\"woodmart-title-container title  wd-font-weight- wd-fontsize-xl\" >Poste de Distribuci\u00f3n El\u00e9ctrica<\/h4>\n\t\t\t\t\t\t\t<\/div>\n\t\t\t\n\t\t\t\n\t\t\t\n\t\t<\/div>\n\t\t\n\t\t\t\t<div id=\"wd-68e0601007850\" class=\"wd-text-block wd-wpb reset-last-child wd-rs-68e0601007850 text-left vc_custom_1759535307990\">\n\t\t\t<p data-start=\"592\" data-end=\"872\">Los <strong data-start=\"596\" data-end=\"681\">postes de distribuci\u00f3n el\u00e9ctrica de PRFV (Pol\u00edmero Reforzado con Fibra de Vidrio)<\/strong> de <strong data-start=\"685\" data-end=\"698\">Fiberpole<\/strong> est\u00e1n dise\u00f1ados para aplicaciones en <strong data-start=\"736\" data-end=\"760\">media y baja tensi\u00f3n<\/strong>, ofreciendo una alternativa moderna, segura y duradera frente a los postes tradicionales de hormig\u00f3n o acero.<\/p>\n<p data-start=\"874\" data-end=\"1175\">Fabricados en <strong data-start=\"888\" data-end=\"931\">poli\u00e9ster reforzado con fibra de vidrio<\/strong>, nuestros postes cumplen con las m\u00e1s altas exigencias de <strong data-start=\"989\" data-end=\"1036\">calidad, resistencia y capacidad de flexi\u00f3n<\/strong> establecidas por las principales <strong data-start=\"1070\" data-end=\"1117\">empresas de distribuci\u00f3n el\u00e9ctrica en Chile<\/strong>, tales como <strong data-start=\"1130\" data-end=\"1159\">Enel, CGE, Saesa y Endesa<\/strong>, entre otras.<\/p>\n<h3 data-start=\"1177\" data-end=\"1241\">Ventajas de los postes de PRFV para distribuci\u00f3n el\u00e9ctrica<\/h3>\n<ul data-start=\"1242\" data-end=\"1761\">\n<li data-start=\"1242\" data-end=\"1341\">\n<p data-start=\"1244\" data-end=\"1341\"><strong data-start=\"1244\" data-end=\"1285\">Resistencia mec\u00e1nica y flexi\u00f3n \u00f3ptima<\/strong>, garantizando seguridad y confiabilidad en operaci\u00f3n.<\/p>\n<\/li>\n<li data-start=\"1342\" data-end=\"1466\">\n<p data-start=\"1344\" data-end=\"1466\"><strong data-start=\"1344\" data-end=\"1413\">Durabilidad frente a la corrosi\u00f3n, humedad y condiciones extremas<\/strong>, ideales para terrenos complejos y zonas costeras.<\/p>\n<\/li>\n<li data-start=\"1467\" data-end=\"1561\">\n<p data-start=\"1469\" data-end=\"1561\"><strong data-start=\"1469\" data-end=\"1508\">Ligereza y facilidad de instalaci\u00f3n<\/strong>, reduciendo tiempos y costos en faenas el\u00e9ctricas.<\/p>\n<\/li>\n<li data-start=\"1562\" data-end=\"1700\">\n<p data-start=\"1564\" data-end=\"1700\"><strong data-start=\"1564\" data-end=\"1590\">Amplia gama de colores<\/strong> disponibles seg\u00fan la carta <strong data-start=\"1618\" data-end=\"1625\">RAL<\/strong>, adapt\u00e1ndose a los requerimientos t\u00e9cnicos y est\u00e9ticos de cada proyecto.<\/p>\n<\/li>\n<li data-start=\"1701\" data-end=\"1761\">\n<p data-start=\"1703\" data-end=\"1761\"><strong data-start=\"1703\" data-end=\"1727\">M\u00ednimo mantenimiento<\/strong> y vida \u00fatil superior a 50 a\u00f1os.<\/p>\n<\/li>\n<\/ul>\n<p data-start=\"1763\" data-end=\"2034\">Los <strong data-start=\"1767\" data-end=\"1806\">postes el\u00e9ctricos de PRFV Fiberpole<\/strong> representan la <strong data-start=\"1822\" data-end=\"1898\">nueva generaci\u00f3n de infraestructura para distribuci\u00f3n el\u00e9ctrica en Chile<\/strong>, combinando innovaci\u00f3n tecnol\u00f3gica con <strong data-start=\"1938\" data-end=\"1958\">producci\u00f3n local<\/strong> y un compromiso permanente con la seguridad, eficiencia y sostenibilidad.<\/p>\n\t\t<\/div>\n\t\t<div id=\"wd-65eb0e173e5e0\" class=\" wd-rs-65eb0e173e5e0 vc_custom_1709903392699 wd-button-wrapper text-center inline-element\"><a href=\"https:\/\/fiberpole.cl\/web\/contacto\/\" title=\"\" style=\"--btn-color:#fff;--btn-color-hover:#fff;\" class=\"btn btn-style-default btn-shape-round btn-size-default btn-icon-pos-left\">Cotizar<span class=\"wd-btn-icon\"><img loading=\"lazy\" decoding=\"async\" width=\"25\" height=\"25\" src=\"https:\/\/fiberpole.cl\/web\/wp-content\/uploads\/2024\/01\/icono-mas-25x25.png\" class=\"attachment-25x25 size-25x25\" alt=\"\" srcset=\"https:\/\/fiberpole.cl\/web\/wp-content\/uploads\/2024\/01\/icono-mas-25x25.png 25w, https:\/\/fiberpole.cl\/web\/wp-content\/uploads\/2024\/01\/icono-mas-32x32.png 32w, https:\/\/fiberpole.cl\/web\/wp-content\/uploads\/2024\/01\/icono-mas-16x16.png 16w, https:\/\/fiberpole.cl\/web\/wp-content\/uploads\/2024\/01\/icono-mas.png 120w\" sizes=\"auto, (max-width: 25px) 100vw, 25px\" \/><\/span><\/a><\/div>[\/vc_column][vc_column width=\u00bb1\/2&#8243; horizontal_alignment=\u00bbeyJkZXZpY2VzIjp7ImRlc2t0b3AiOnsidmFsdWUiOiJzcGFjZS1iZXR3ZWVuIn0sInRhYmxldCI6eyJ2YWx1ZSI6IiJ9LCJtb2JpbGUiOnsidmFsdWUiOiIifX19&#8243; css=\u00bb.vc_custom_1681394715610{padding-top: 0px !important;}\u00bb woodmart_css_id=\u00bb64380c1773be4&#8243; parallax_scroll=\u00bbno\u00bb woodmart_sticky_column=\u00bbfalse\u00bb wd_collapsible_content_switcher=\u00bbno\u00bb wd_column_role_offcanvas_desktop=\u00bbno\u00bb wd_column_role_offcanvas_tablet=\u00bbno\u00bb wd_column_role_offcanvas_mobile=\u00bbno\u00bb wd_column_role_content_desktop=\u00bbno\u00bb wd_column_role_content_tablet=\u00bbno\u00bb wd_column_role_content_mobile=\u00bbno\u00bb mobile_bg_img_hidden=\u00bbno\u00bb tablet_bg_img_hidden=\u00bbno\u00bb woodmart_parallax=\u00bb0&#8243; woodmart_box_shadow=\u00bbno\u00bb responsive_spacing=\u00bbeyJwYXJhbV90eXBlIjoid29vZG1hcnRfcmVzcG9uc2l2ZV9zcGFjaW5nIiwic2VsZWN0b3JfaWQiOiI2NDM4MGMxNzczYmU0Iiwic2hvcnRjb2RlIjoidmNfY29sdW1uIiwiZGF0YSI6eyJ0YWJsZXQiOnt9LCJtb2JpbGUiOnt9fX0=\u00bb mobile_reset_margin=\u00bbno\u00bb tablet_reset_margin=\u00bbno\u00bb wd_z_index=\u00bbno\u00bb][vc_images_carousel images=\u00bb10160,10157,10158,10156&#8243; img_size=\u00bblarge\u00bb css=\u00bb\u00bb][\/vc_column][\/vc_row]<\/p>\n<\/div>","protected":false},"excerpt":{"rendered":"<p>[vc_row][vc_column width=\u00bb1\/2&#8243; css=\u00bb.vc_custom_1681394428947{padding-top: 0px !important;}\u00bb woodmart_css_id=\u00bb64380af9cd2c0&#8243; parallax_scroll=\u00bbno\u00bb woodmart_sticky_column=\u00bbfalse\u00bb wd_collapsible_content_switcher=\u00bbno\u00bb wd_column_role_offcanvas_desktop=\u00bbno\u00bb wd_column_role_offcanvas_tablet=\u00bbno\u00bb wd_column_role_offcanvas_mobile=\u00bbno\u00bb wd_column_role_content_desktop=\u00bbno\u00bb wd_column_role_content_tablet=\u00bbno\u00bb wd_column_role_content_mobile=\u00bbno\u00bb mobile_bg_img_hidden=\u00bbno\u00bb tablet_bg_img_hidden=\u00bbno\u00bb woodmart_parallax=\u00bb0&#8243; woodmart_box_shadow=\u00bbno\u00bb responsive_spacing=\u00bbeyJwYXJhbV90eXBlIjoid29vZG1hcnRfcmVzcG9uc2l2ZV9zcGFjaW5nIiwic2VsZWN0b3JfaWQiOiI2NDM4MGFmOWNkMmMwIiwic2hvcnRjb2RlIjoidmNfY29sdW1uIiwiZGF0YSI6eyJ0YWJsZXQiOnt9LCJtb2JpbGUiOnt9fX0=\u00bb<\/p>\n","protected":false},"author":1,"featured_media":10157,"parent":0,"menu_order":0,"comment_status":"closed","ping_status":"closed","template":"","meta":{"footnotes":""},"class_list":["post-9680","page","type-page","status-publish","has-post-thumbnail","hentry"],"yoast_head":"<!-- This site is optimized with the Yoast SEO plugin v25.9 - https:\/\/yoast.com\/wordpress\/plugins\/seo\/ -->\n<title>Postes de distribuci\u00f3n el\u00e9ctrica en PRFV | Fiberpole<\/title>\n<meta name=\"description\" content=\"Los postes de distribuci\u00f3n el\u00e9ctrica de PRFV Fiberpole cumplen los m\u00e1s altos est\u00e1ndares de calidad y resistencia para media y baja tensi\u00f3n en Chile.\" \/>\n<meta name=\"robots\" content=\"index, follow, max-snippet:-1, max-image-preview:large, max-video-preview:-1\" \/>\n<link rel=\"canonical\" href=\"https:\/\/fiberpole.cl\/web\/poste-de-distribucion-electrica\/\" \/>\n<meta property=\"og:locale\" content=\"es_ES\" \/>\n<meta property=\"og:type\" content=\"article\" \/>\n<meta property=\"og:title\" content=\"Postes de distribuci\u00f3n el\u00e9ctrica en PRFV | Fiberpole\" \/>\n<meta property=\"og:description\" content=\"Los postes de distribuci\u00f3n el\u00e9ctrica de PRFV Fiberpole cumplen los m\u00e1s altos est\u00e1ndares de calidad y resistencia para media y baja tensi\u00f3n en Chile.\" \/>\n<meta property=\"og:url\" content=\"https:\/\/fiberpole.cl\/web\/poste-de-distribucion-electrica\/\" \/>\n<meta property=\"og:site_name\" content=\"Fiberpole\" \/>\n<meta property=\"article:modified_time\" content=\"2025-10-03T23:46:14+00:00\" \/>\n<meta property=\"og:image\" content=\"https:\/\/fiberpole.cl\/web\/wp-content\/uploads\/2025\/10\/Copia-de-Colbun-01.jpg\" \/>\n\t<meta property=\"og:image:width\" content=\"576\" \/>\n\t<meta property=\"og:image:height\" content=\"811\" \/>\n\t<meta property=\"og:image:type\" content=\"image\/jpeg\" \/>\n<meta name=\"twitter:card\" content=\"summary_large_image\" \/>\n<meta name=\"twitter:label1\" content=\"Tiempo de lectura\" \/>\n\t<meta name=\"twitter:data1\" content=\"5 minutos\" \/>\n<script type=\"application\/ld+json\" class=\"yoast-schema-graph\">{\"@context\":\"https:\/\/schema.org\",\"@graph\":[{\"@type\":\"WebPage\",\"@id\":\"https:\/\/fiberpole.cl\/web\/poste-de-distribucion-electrica\/\",\"url\":\"https:\/\/fiberpole.cl\/web\/poste-de-distribucion-electrica\/\",\"name\":\"Postes de distribuci\u00f3n el\u00e9ctrica en PRFV | Fiberpole\",\"isPartOf\":{\"@id\":\"https:\/\/fiberpole.cl\/web\/#website\"},\"primaryImageOfPage\":{\"@id\":\"https:\/\/fiberpole.cl\/web\/poste-de-distribucion-electrica\/#primaryimage\"},\"image\":{\"@id\":\"https:\/\/fiberpole.cl\/web\/poste-de-distribucion-electrica\/#primaryimage\"},\"thumbnailUrl\":\"https:\/\/fiberpole.cl\/web\/wp-content\/uploads\/2025\/10\/Copia-de-Colbun-01.jpg\",\"datePublished\":\"2024-03-07T15:25:33+00:00\",\"dateModified\":\"2025-10-03T23:46:14+00:00\",\"description\":\"Los postes de distribuci\u00f3n el\u00e9ctrica de PRFV Fiberpole cumplen los m\u00e1s altos est\u00e1ndares de calidad y resistencia para media y baja tensi\u00f3n en Chile.\",\"breadcrumb\":{\"@id\":\"https:\/\/fiberpole.cl\/web\/poste-de-distribucion-electrica\/#breadcrumb\"},\"inLanguage\":\"es\",\"potentialAction\":[{\"@type\":\"ReadAction\",\"target\":[\"https:\/\/fiberpole.cl\/web\/poste-de-distribucion-electrica\/\"]}]},{\"@type\":\"ImageObject\",\"inLanguage\":\"es\",\"@id\":\"https:\/\/fiberpole.cl\/web\/poste-de-distribucion-electrica\/#primaryimage\",\"url\":\"https:\/\/fiberpole.cl\/web\/wp-content\/uploads\/2025\/10\/Copia-de-Colbun-01.jpg\",\"contentUrl\":\"https:\/\/fiberpole.cl\/web\/wp-content\/uploads\/2025\/10\/Copia-de-Colbun-01.jpg\",\"width\":576,\"height\":811},{\"@type\":\"BreadcrumbList\",\"@id\":\"https:\/\/fiberpole.cl\/web\/poste-de-distribucion-electrica\/#breadcrumb\",\"itemListElement\":[{\"@type\":\"ListItem\",\"position\":1,\"name\":\"Inicio\",\"item\":\"https:\/\/fiberpole.cl\/web\/\"},{\"@type\":\"ListItem\",\"position\":2,\"name\":\"Postes de distribuci\u00f3n el\u00e9ctrica en PRFV\"}]},{\"@type\":\"WebSite\",\"@id\":\"https:\/\/fiberpole.cl\/web\/#website\",\"url\":\"https:\/\/fiberpole.cl\/web\/\",\"name\":\"Fiberpole\",\"description\":\"Fabricaci\u00f3n de postes de vidrio, luz y distribuci\u00f3n\",\"publisher\":{\"@id\":\"https:\/\/fiberpole.cl\/web\/#organization\"},\"potentialAction\":[{\"@type\":\"SearchAction\",\"target\":{\"@type\":\"EntryPoint\",\"urlTemplate\":\"https:\/\/fiberpole.cl\/web\/?s={search_term_string}\"},\"query-input\":{\"@type\":\"PropertyValueSpecification\",\"valueRequired\":true,\"valueName\":\"search_term_string\"}}],\"inLanguage\":\"es\"},{\"@type\":\"Organization\",\"@id\":\"https:\/\/fiberpole.cl\/web\/#organization\",\"name\":\"Fiberpole\",\"alternateName\":\"Fiberpole SpA\",\"url\":\"https:\/\/fiberpole.cl\/web\/\",\"logo\":{\"@type\":\"ImageObject\",\"inLanguage\":\"es\",\"@id\":\"https:\/\/fiberpole.cl\/web\/#\/schema\/logo\/image\/\",\"url\":\"https:\/\/fiberpole.cl\/web\/wp-content\/uploads\/2025\/09\/logo-fiberpole-azul.webp\",\"contentUrl\":\"https:\/\/fiberpole.cl\/web\/wp-content\/uploads\/2025\/09\/logo-fiberpole-azul.webp\",\"width\":150,\"height\":150,\"caption\":\"Fiberpole\"},\"image\":{\"@id\":\"https:\/\/fiberpole.cl\/web\/#\/schema\/logo\/image\/\"},\"sameAs\":[\"https:\/\/www.linkedin.com\/company\/fiberpole\/\"]}]}<\/script>\n<!-- \/ Yoast SEO plugin. -->","yoast_head_json":{"title":"Postes de distribuci\u00f3n el\u00e9ctrica en PRFV | Fiberpole","description":"Los postes de distribuci\u00f3n el\u00e9ctrica de PRFV Fiberpole cumplen los m\u00e1s altos est\u00e1ndares de calidad y resistencia para media y baja tensi\u00f3n en Chile.","robots":{"index":"index","follow":"follow","max-snippet":"max-snippet:-1","max-image-preview":"max-image-preview:large","max-video-preview":"max-video-preview:-1"},"canonical":"https:\/\/fiberpole.cl\/web\/poste-de-distribucion-electrica\/","og_locale":"es_ES","og_type":"article","og_title":"Postes de distribuci\u00f3n el\u00e9ctrica en PRFV | Fiberpole","og_description":"Los postes de distribuci\u00f3n el\u00e9ctrica de PRFV Fiberpole cumplen los m\u00e1s altos est\u00e1ndares de calidad y resistencia para media y baja tensi\u00f3n en Chile.","og_url":"https:\/\/fiberpole.cl\/web\/poste-de-distribucion-electrica\/","og_site_name":"Fiberpole","article_modified_time":"2025-10-03T23:46:14+00:00","og_image":[{"width":576,"height":811,"url":"https:\/\/fiberpole.cl\/web\/wp-content\/uploads\/2025\/10\/Copia-de-Colbun-01.jpg","type":"image\/jpeg"}],"twitter_card":"summary_large_image","twitter_misc":{"Tiempo de lectura":"5 minutos"},"schema":{"@context":"https:\/\/schema.org","@graph":[{"@type":"WebPage","@id":"https:\/\/fiberpole.cl\/web\/poste-de-distribucion-electrica\/","url":"https:\/\/fiberpole.cl\/web\/poste-de-distribucion-electrica\/","name":"Postes de distribuci\u00f3n el\u00e9ctrica en PRFV | Fiberpole","isPartOf":{"@id":"https:\/\/fiberpole.cl\/web\/#website"},"primaryImageOfPage":{"@id":"https:\/\/fiberpole.cl\/web\/poste-de-distribucion-electrica\/#primaryimage"},"image":{"@id":"https:\/\/fiberpole.cl\/web\/poste-de-distribucion-electrica\/#primaryimage"},"thumbnailUrl":"https:\/\/fiberpole.cl\/web\/wp-content\/uploads\/2025\/10\/Copia-de-Colbun-01.jpg","datePublished":"2024-03-07T15:25:33+00:00","dateModified":"2025-10-03T23:46:14+00:00","description":"Los postes de distribuci\u00f3n el\u00e9ctrica de PRFV Fiberpole cumplen los m\u00e1s altos est\u00e1ndares de calidad y resistencia para media y baja tensi\u00f3n en Chile.","breadcrumb":{"@id":"https:\/\/fiberpole.cl\/web\/poste-de-distribucion-electrica\/#breadcrumb"},"inLanguage":"es","potentialAction":[{"@type":"ReadAction","target":["https:\/\/fiberpole.cl\/web\/poste-de-distribucion-electrica\/"]}]},{"@type":"ImageObject","inLanguage":"es","@id":"https:\/\/fiberpole.cl\/web\/poste-de-distribucion-electrica\/#primaryimage","url":"https:\/\/fiberpole.cl\/web\/wp-content\/uploads\/2025\/10\/Copia-de-Colbun-01.jpg","contentUrl":"https:\/\/fiberpole.cl\/web\/wp-content\/uploads\/2025\/10\/Copia-de-Colbun-01.jpg","width":576,"height":811},{"@type":"BreadcrumbList","@id":"https:\/\/fiberpole.cl\/web\/poste-de-distribucion-electrica\/#breadcrumb","itemListElement":[{"@type":"ListItem","position":1,"name":"Inicio","item":"https:\/\/fiberpole.cl\/web\/"},{"@type":"ListItem","position":2,"name":"Postes de distribuci\u00f3n el\u00e9ctrica en PRFV"}]},{"@type":"WebSite","@id":"https:\/\/fiberpole.cl\/web\/#website","url":"https:\/\/fiberpole.cl\/web\/","name":"Fiberpole","description":"Fabricaci\u00f3n de postes de vidrio, luz y distribuci\u00f3n","publisher":{"@id":"https:\/\/fiberpole.cl\/web\/#organization"},"potentialAction":[{"@type":"SearchAction","target":{"@type":"EntryPoint","urlTemplate":"https:\/\/fiberpole.cl\/web\/?s={search_term_string}"},"query-input":{"@type":"PropertyValueSpecification","valueRequired":true,"valueName":"search_term_string"}}],"inLanguage":"es"},{"@type":"Organization","@id":"https:\/\/fiberpole.cl\/web\/#organization","name":"Fiberpole","alternateName":"Fiberpole SpA","url":"https:\/\/fiberpole.cl\/web\/","logo":{"@type":"ImageObject","inLanguage":"es","@id":"https:\/\/fiberpole.cl\/web\/#\/schema\/logo\/image\/","url":"https:\/\/fiberpole.cl\/web\/wp-content\/uploads\/2025\/09\/logo-fiberpole-azul.webp","contentUrl":"https:\/\/fiberpole.cl\/web\/wp-content\/uploads\/2025\/09\/logo-fiberpole-azul.webp","width":150,"height":150,"caption":"Fiberpole"},"image":{"@id":"https:\/\/fiberpole.cl\/web\/#\/schema\/logo\/image\/"},"sameAs":["https:\/\/www.linkedin.com\/company\/fiberpole\/"]}]}},"_links":{"self":[{"href":"https:\/\/fiberpole.cl\/web\/wp-json\/wp\/v2\/pages\/9680","targetHints":{"allow":["GET"]}}],"collection":[{"href":"https:\/\/fiberpole.cl\/web\/wp-json\/wp\/v2\/pages"}],"about":[{"href":"https:\/\/fiberpole.cl\/web\/wp-json\/wp\/v2\/types\/page"}],"author":[{"embeddable":true,"href":"https:\/\/fiberpole.cl\/web\/wp-json\/wp\/v2\/users\/1"}],"replies":[{"embeddable":true,"href":"https:\/\/fiberpole.cl\/web\/wp-json\/wp\/v2\/comments?post=9680"}],"version-history":[{"count":3,"href":"https:\/\/fiberpole.cl\/web\/wp-json\/wp\/v2\/pages\/9680\/revisions"}],"predecessor-version":[{"id":10161,"href":"https:\/\/fiberpole.cl\/web\/wp-json\/wp\/v2\/pages\/9680\/revisions\/10161"}],"wp:featuredmedia":[{"embeddable":true,"href":"https:\/\/fiberpole.cl\/web\/wp-json\/wp\/v2\/media\/10157"}],"wp:attachment":[{"href":"https:\/\/fiberpole.cl\/web\/wp-json\/wp\/v2\/media?parent=9680"}],"curies":[{"name":"wp","href":"https:\/\/api.w.org\/{rel}","templated":true}]}}