{"id":9686,"date":"2024-03-07T16:35:23","date_gmt":"2024-03-07T16:35:23","guid":{"rendered":"https:\/\/fiberpole.cl\/web\/?page_id=9686"},"modified":"2025-09-23T19:30:15","modified_gmt":"2025-09-23T19:30:15","slug":"crucetas-y-brazos","status":"publish","type":"page","link":"https:\/\/fiberpole.cl\/web\/crucetas-y-brazos\/","title":{"rendered":"Crucetas y brazos PRFV"},"content":{"rendered":"<div class=\"wpb-content-wrapper\"><p>[vc_row][vc_column width=\u00bb1\/2&#8243; css=\u00bb.vc_custom_1681394428947{padding-top: 0px !important;}\u00bb woodmart_css_id=\u00bb64380af9cd2c0&#8243; parallax_scroll=\u00bbno\u00bb woodmart_sticky_column=\u00bbfalse\u00bb wd_collapsible_content_switcher=\u00bbno\u00bb wd_column_role_offcanvas_desktop=\u00bbno\u00bb wd_column_role_offcanvas_tablet=\u00bbno\u00bb wd_column_role_offcanvas_mobile=\u00bbno\u00bb wd_column_role_content_desktop=\u00bbno\u00bb wd_column_role_content_tablet=\u00bbno\u00bb wd_column_role_content_mobile=\u00bbno\u00bb mobile_bg_img_hidden=\u00bbno\u00bb tablet_bg_img_hidden=\u00bbno\u00bb woodmart_parallax=\u00bb0&#8243; woodmart_box_shadow=\u00bbno\u00bb responsive_spacing=\u00bbeyJwYXJhbV90eXBlIjoid29vZG1hcnRfcmVzcG9uc2l2ZV9zcGFjaW5nIiwic2VsZWN0b3JfaWQiOiI2NDM4MGFmOWNkMmMwIiwic2hvcnRjb2RlIjoidmNfY29sdW1uIiwiZGF0YSI6eyJ0YWJsZXQiOnt9LCJtb2JpbGUiOnt9fX0=\u00bb mobile_reset_margin=\u00bbno\u00bb tablet_reset_margin=\u00bbno\u00bb wd_z_index=\u00bbno\u00bb][vc_single_image image=\u00bb9572&#8243; img_size=\u00bbfull\u00bb parallax_scroll=\u00bbno\u00bb woodmart_inline=\u00bbno\u00bb][\/vc_column][vc_column width=\u00bb1\/2&#8243; horizontal_alignment=\u00bbeyJkZXZpY2VzIjp7ImRlc2t0b3AiOnsidmFsdWUiOiJzcGFjZS1iZXR3ZWVuIn0sInRhYmxldCI6eyJ2YWx1ZSI6IiJ9LCJtb2JpbGUiOnsidmFsdWUiOiIifX19&#8243; css=\u00bb.vc_custom_1681394715610{padding-top: 0px !important;}\u00bb woodmart_css_id=\u00bb64380c1773be4&#8243; parallax_scroll=\u00bbno\u00bb woodmart_sticky_column=\u00bbfalse\u00bb wd_collapsible_content_switcher=\u00bbno\u00bb wd_column_role_offcanvas_desktop=\u00bbno\u00bb wd_column_role_offcanvas_tablet=\u00bbno\u00bb wd_column_role_offcanvas_mobile=\u00bbno\u00bb wd_column_role_content_desktop=\u00bbno\u00bb wd_column_role_content_tablet=\u00bbno\u00bb wd_column_role_content_mobile=\u00bbno\u00bb mobile_bg_img_hidden=\u00bbno\u00bb tablet_bg_img_hidden=\u00bbno\u00bb woodmart_parallax=\u00bb0&#8243; woodmart_box_shadow=\u00bbno\u00bb responsive_spacing=\u00bbeyJwYXJhbV90eXBlIjoid29vZG1hcnRfcmVzcG9uc2l2ZV9zcGFjaW5nIiwic2VsZWN0b3JfaWQiOiI2NDM4MGMxNzczYmU0Iiwic2hvcnRjb2RlIjoidmNfY29sdW1uIiwiZGF0YSI6eyJ0YWJsZXQiOnt9LCJtb2JpbGUiOnt9fX0=\u00bb mobile_reset_margin=\u00bbno\u00bb tablet_reset_margin=\u00bbno\u00bb wd_z_index=\u00bbno\u00bb][vc_row_inner css=\u00bb.vc_custom_1681724939505{margin-bottom: 10px !important;}\u00bb woodmart_css_id=\u00bb643d1607d7b4b\u00bb responsive_spacing=\u00bbeyJwYXJhbV90eXBlIjoid29vZG1hcnRfcmVzcG9uc2l2ZV9zcGFjaW5nIiwic2VsZWN0b3JfaWQiOiI2NDNkMTYwN2Q3YjRiIiwic2hvcnRjb2RlIjoidmNfcm93X2lubmVyIiwiZGF0YSI6eyJ0YWJsZXQiOnt9LCJtb2JpbGUiOnt9fX0=\u00bb mobile_bg_img_hidden=\u00bbno\u00bb tablet_bg_img_hidden=\u00bbno\u00bb woodmart_parallax=\u00bb0&#8243; woodmart_gradient_switch=\u00bbno\u00bb woodmart_box_shadow=\u00bbno\u00bb wd_z_index=\u00bbno\u00bb woodmart_disable_overflow=\u00bb0&#8243; row_reverse_mobile=\u00bb0&#8243; row_reverse_tablet=\u00bb0&#8243;][vc_column_inner width=\u00bb1\/3&#8243; vertical_alignment=\u00bbeyJkZXZpY2VzIjp7ImRlc2t0b3AiOnsidmFsdWUiOiJjZW50ZXIifSwidGFibGV0Ijp7InZhbHVlIjoiIn0sIm1vYmlsZSI6eyJ2YWx1ZSI6IiJ9fX0=\u00bb horizontal_alignment=\u00bbeyJkZXZpY2VzIjp7ImRlc2t0b3AiOnsidmFsdWUiOiJmbGV4LWVuZCJ9LCJ0YWJsZXQiOnsidmFsdWUiOiJzcGFjZS1iZXR3ZWVuIn0sIm1vYmlsZSI6eyJ2YWx1ZSI6InNwYWNlLWJldHdlZW4ifX19&#8243; woodmart_css_id=\u00bb65e9ee387752d\u00bb parallax_scroll=\u00bbno\u00bb woodmart_sticky_column=\u00bbfalse\u00bb wd_collapsible_content_switcher=\u00bbno\u00bb wd_column_role_offcanvas_desktop=\u00bbno\u00bb wd_column_role_offcanvas_tablet=\u00bbno\u00bb wd_column_role_offcanvas_mobile=\u00bbno\u00bb wd_column_role_content_desktop=\u00bbno\u00bb wd_column_role_content_tablet=\u00bbno\u00bb wd_column_role_content_mobile=\u00bbno\u00bb mobile_bg_img_hidden=\u00bbno\u00bb tablet_bg_img_hidden=\u00bbno\u00bb woodmart_parallax=\u00bb0&#8243; woodmart_box_shadow=\u00bbno\u00bb responsive_spacing=\u00bbeyJwYXJhbV90eXBlIjoid29vZG1hcnRfcmVzcG9uc2l2ZV9zcGFjaW5nIiwic2VsZWN0b3JfaWQiOiI2NWU5ZWUzODc3NTJkIiwic2hvcnRjb2RlIjoidmNfY29sdW1uX2lubmVyIiwiZGF0YSI6eyJ0YWJsZXQiOnt9LCJtb2JpbGUiOnt9fX0=\u00bb wd_z_index=\u00bbno\u00bb offset=\u00bbvc_col-lg-8&#8243;]\n\t\t<div id=\"wd-65e9ee0a8a9fd\" class=\"title-wrapper wd-wpb wd-set-mb reset-last-child  wd-rs-65e9ee0a8a9fd wd-title-color-default wd-title-style-default text-left vc_custom_1709829655117 wd-underline-colored\">\n\t\t\t\n\t\t\t<div class=\"liner-continer\">\n\t\t\t\t<h4 class=\"woodmart-title-container title  wd-font-weight- wd-fontsize-xl\" >Crucetas y brazos<\/h4>\n\t\t\t\t\t\t\t<\/div>\n\t\t\t\n\t\t\t\t\t\t\t<div class=\"title-after_title reset-last-child  wd-fontsize-s\">Brazos para luminarias<\/div>\n\t\t\t\n\t\t\t\n\t\t<\/div>\n\t\t\n\t\t[\/vc_column_inner][\/vc_row_inner]\t\t<div id=\"wd-65e9ec184d5e1\" class=\"wd-text-block wd-wpb reset-last-child wd-rs-65e9ec184d5e1 text-left vc_custom_1709829188354\">\n\t\t\t<ul>\n<li style=\"font-weight: 400;\" aria-level=\"1\"><span style=\"font-weight: 400;\">Fabricamos brazos rectos simples y dobles, en ca\u00f1er\u00edas PRFV. Sus di\u00e1metros y largos se construyen para ser usados en la mayor\u00eda de las luminarias existentes en el mercado. Los largos est\u00e1ndar son 500 mm, 1.000 mm y 1.200 mm.<\/span><\/li>\n<\/ul>\n<p><span style=\"font-weight: 400;\">Crucetas para proyectores<\/span><\/p>\n<ul>\n<li style=\"font-weight: 400;\" aria-level=\"1\"><span style=\"font-weight: 400;\">Son travesa\u00f1os horizontales fabricados en perfiles estructurales o \u00e1ngulos laminados destinados para la instalaci\u00f3n de luminarias en disposici\u00f3n horizontal. Sus largos son variables: 1.000 mm, 1.500 mm y 2.000 mm. y medidas especiales.<\/span><\/li>\n<\/ul>\n\t\t<\/div>\n\t\t\t\t<div id=\"wd-65e9ec47a6852\" class=\"wd-text-block wd-wpb reset-last-child wd-rs-65e9ec47a6852 text-left vc_custom_1709829218085\">\n\t\t\t<p><span style=\"color: #033c75;\"><b>Otros productos que puedes cotizar:<\/b><\/span><\/p>\n<p><span style=\"font-weight: 400;\">Postes para CCTV.<\/span><\/p>\n<p><span style=\"font-weight: 400;\">Postes alerta temprana.\u00a0<\/span><\/p>\n<p><span style=\"font-weight: 400;\">Postes ornamental<\/span><\/p>\n\t\t<\/div>\n\t\t<div id=\"wd-65eb103b354e5\" class=\" wd-rs-65eb103b354e5 vc_custom_1709903964334 wd-button-wrapper text-center inline-element\"><a href=\"https:\/\/fiberpole.cl\/web\/contacto\/\" title=\"\" style=\"--btn-color:#fff;--btn-color-hover:#fff;\" class=\"btn btn-style-default btn-shape-round btn-size-default btn-icon-pos-left\">Cotizar<span class=\"wd-btn-icon\"><img loading=\"lazy\" decoding=\"async\" width=\"25\" height=\"25\" src=\"https:\/\/fiberpole.cl\/web\/wp-content\/uploads\/2024\/01\/icono-mas-25x25.png\" class=\"attachment-25x25 size-25x25\" alt=\"\" srcset=\"https:\/\/fiberpole.cl\/web\/wp-content\/uploads\/2024\/01\/icono-mas-25x25.png 25w, https:\/\/fiberpole.cl\/web\/wp-content\/uploads\/2024\/01\/icono-mas-32x32.png 32w, https:\/\/fiberpole.cl\/web\/wp-content\/uploads\/2024\/01\/icono-mas-16x16.png 16w, https:\/\/fiberpole.cl\/web\/wp-content\/uploads\/2024\/01\/icono-mas.png 120w\" sizes=\"auto, (max-width: 25px) 100vw, 25px\" \/><\/span><\/a><\/div>[\/vc_column][\/vc_row]<\/p>\n<\/div>","protected":false},"excerpt":{"rendered":"<p>[vc_row][vc_column width=\u00bb1\/2&#8243; css=\u00bb.vc_custom_1681394428947{padding-top: 0px !important;}\u00bb woodmart_css_id=\u00bb64380af9cd2c0&#8243; parallax_scroll=\u00bbno\u00bb woodmart_sticky_column=\u00bbfalse\u00bb wd_collapsible_content_switcher=\u00bbno\u00bb wd_column_role_offcanvas_desktop=\u00bbno\u00bb wd_column_role_offcanvas_tablet=\u00bbno\u00bb wd_column_role_offcanvas_mobile=\u00bbno\u00bb wd_column_role_content_desktop=\u00bbno\u00bb wd_column_role_content_tablet=\u00bbno\u00bb wd_column_role_content_mobile=\u00bbno\u00bb mobile_bg_img_hidden=\u00bbno\u00bb tablet_bg_img_hidden=\u00bbno\u00bb woodmart_parallax=\u00bb0&#8243; woodmart_box_shadow=\u00bbno\u00bb responsive_spacing=\u00bbeyJwYXJhbV90eXBlIjoid29vZG1hcnRfcmVzcG9uc2l2ZV9zcGFjaW5nIiwic2VsZWN0b3JfaWQiOiI2NDM4MGFmOWNkMmMwIiwic2hvcnRjb2RlIjoidmNfY29sdW1uIiwiZGF0YSI6eyJ0YWJsZXQiOnt9LCJtb2JpbGUiOnt9fX0=\u00bb<\/p>\n","protected":false},"author":1,"featured_media":9572,"parent":0,"menu_order":0,"comment_status":"closed","ping_status":"closed","template":"","meta":{"footnotes":""},"class_list":["post-9686","page","type-page","status-publish","has-post-thumbnail","hentry"],"yoast_head":"<!-- This site is optimized with the Yoast SEO plugin v25.9 - https:\/\/yoast.com\/wordpress\/plugins\/seo\/ -->\n<title>Crucetas y brazos PRFV | Fiberpole<\/title>\n<meta name=\"description\" content=\"Accesorios PRFV para estructuras el\u00e9ctricas: brazos y crucetas ligeras, diel\u00e9ctricas y anticorrosivas, ideales para redes de media y baja tensi\u00f3n.\" \/>\n<meta name=\"robots\" content=\"index, follow, max-snippet:-1, max-image-preview:large, max-video-preview:-1\" \/>\n<link rel=\"canonical\" href=\"https:\/\/fiberpole.cl\/web\/crucetas-y-brazos\/\" \/>\n<meta property=\"og:locale\" content=\"es_ES\" \/>\n<meta property=\"og:type\" content=\"article\" \/>\n<meta property=\"og:title\" content=\"Crucetas y brazos PRFV | Fiberpole\" \/>\n<meta property=\"og:description\" content=\"Accesorios PRFV para estructuras el\u00e9ctricas: brazos y crucetas ligeras, diel\u00e9ctricas y anticorrosivas, ideales para redes de media y baja tensi\u00f3n.\" \/>\n<meta property=\"og:url\" content=\"https:\/\/fiberpole.cl\/web\/crucetas-y-brazos\/\" \/>\n<meta property=\"og:site_name\" content=\"Fiberpole\" \/>\n<meta property=\"article:modified_time\" content=\"2025-09-23T19:30:15+00:00\" \/>\n<meta property=\"og:image\" content=\"https:\/\/fiberpole.cl\/web\/wp-content\/uploads\/2024\/02\/ProductoPrincipalAccesorios-scaled.webp\" \/>\n\t<meta property=\"og:image:width\" content=\"1935\" \/>\n\t<meta property=\"og:image:height\" content=\"2560\" \/>\n\t<meta property=\"og:image:type\" content=\"image\/webp\" \/>\n<meta name=\"twitter:card\" content=\"summary_large_image\" \/>\n<meta name=\"twitter:label1\" content=\"Tiempo de lectura\" \/>\n\t<meta name=\"twitter:data1\" content=\"2 minutos\" \/>\n<script type=\"application\/ld+json\" class=\"yoast-schema-graph\">{\"@context\":\"https:\/\/schema.org\",\"@graph\":[{\"@type\":\"WebPage\",\"@id\":\"https:\/\/fiberpole.cl\/web\/crucetas-y-brazos\/\",\"url\":\"https:\/\/fiberpole.cl\/web\/crucetas-y-brazos\/\",\"name\":\"Crucetas y brazos PRFV | Fiberpole\",\"isPartOf\":{\"@id\":\"https:\/\/fiberpole.cl\/web\/#website\"},\"primaryImageOfPage\":{\"@id\":\"https:\/\/fiberpole.cl\/web\/crucetas-y-brazos\/#primaryimage\"},\"image\":{\"@id\":\"https:\/\/fiberpole.cl\/web\/crucetas-y-brazos\/#primaryimage\"},\"thumbnailUrl\":\"https:\/\/fiberpole.cl\/web\/wp-content\/uploads\/2024\/02\/ProductoPrincipalAccesorios-scaled.webp\",\"datePublished\":\"2024-03-07T16:35:23+00:00\",\"dateModified\":\"2025-09-23T19:30:15+00:00\",\"description\":\"Accesorios PRFV para estructuras el\u00e9ctricas: brazos y crucetas ligeras, diel\u00e9ctricas y anticorrosivas, ideales para redes de media y baja tensi\u00f3n.\",\"breadcrumb\":{\"@id\":\"https:\/\/fiberpole.cl\/web\/crucetas-y-brazos\/#breadcrumb\"},\"inLanguage\":\"es\",\"potentialAction\":[{\"@type\":\"ReadAction\",\"target\":[\"https:\/\/fiberpole.cl\/web\/crucetas-y-brazos\/\"]}]},{\"@type\":\"ImageObject\",\"inLanguage\":\"es\",\"@id\":\"https:\/\/fiberpole.cl\/web\/crucetas-y-brazos\/#primaryimage\",\"url\":\"https:\/\/fiberpole.cl\/web\/wp-content\/uploads\/2024\/02\/ProductoPrincipalAccesorios-scaled.webp\",\"contentUrl\":\"https:\/\/fiberpole.cl\/web\/wp-content\/uploads\/2024\/02\/ProductoPrincipalAccesorios-scaled.webp\",\"width\":1935,\"height\":2560},{\"@type\":\"BreadcrumbList\",\"@id\":\"https:\/\/fiberpole.cl\/web\/crucetas-y-brazos\/#breadcrumb\",\"itemListElement\":[{\"@type\":\"ListItem\",\"position\":1,\"name\":\"Inicio\",\"item\":\"https:\/\/fiberpole.cl\/web\/\"},{\"@type\":\"ListItem\",\"position\":2,\"name\":\"Crucetas y brazos PRFV\"}]},{\"@type\":\"WebSite\",\"@id\":\"https:\/\/fiberpole.cl\/web\/#website\",\"url\":\"https:\/\/fiberpole.cl\/web\/\",\"name\":\"Fiberpole\",\"description\":\"Fabricaci\u00f3n de postes de vidrio, luz y distribuci\u00f3n\",\"publisher\":{\"@id\":\"https:\/\/fiberpole.cl\/web\/#organization\"},\"potentialAction\":[{\"@type\":\"SearchAction\",\"target\":{\"@type\":\"EntryPoint\",\"urlTemplate\":\"https:\/\/fiberpole.cl\/web\/?s={search_term_string}\"},\"query-input\":{\"@type\":\"PropertyValueSpecification\",\"valueRequired\":true,\"valueName\":\"search_term_string\"}}],\"inLanguage\":\"es\"},{\"@type\":\"Organization\",\"@id\":\"https:\/\/fiberpole.cl\/web\/#organization\",\"name\":\"Fiberpole\",\"alternateName\":\"Fiberpole SpA\",\"url\":\"https:\/\/fiberpole.cl\/web\/\",\"logo\":{\"@type\":\"ImageObject\",\"inLanguage\":\"es\",\"@id\":\"https:\/\/fiberpole.cl\/web\/#\/schema\/logo\/image\/\",\"url\":\"https:\/\/fiberpole.cl\/web\/wp-content\/uploads\/2025\/09\/logo-fiberpole-azul.webp\",\"contentUrl\":\"https:\/\/fiberpole.cl\/web\/wp-content\/uploads\/2025\/09\/logo-fiberpole-azul.webp\",\"width\":150,\"height\":150,\"caption\":\"Fiberpole\"},\"image\":{\"@id\":\"https:\/\/fiberpole.cl\/web\/#\/schema\/logo\/image\/\"},\"sameAs\":[\"https:\/\/www.linkedin.com\/company\/fiberpole\/\"]}]}<\/script>\n<!-- \/ Yoast SEO plugin. -->","yoast_head_json":{"title":"Crucetas y brazos PRFV | Fiberpole","description":"Accesorios PRFV para estructuras el\u00e9ctricas: brazos y crucetas ligeras, diel\u00e9ctricas y anticorrosivas, ideales para redes de media y baja tensi\u00f3n.","robots":{"index":"index","follow":"follow","max-snippet":"max-snippet:-1","max-image-preview":"max-image-preview:large","max-video-preview":"max-video-preview:-1"},"canonical":"https:\/\/fiberpole.cl\/web\/crucetas-y-brazos\/","og_locale":"es_ES","og_type":"article","og_title":"Crucetas y brazos PRFV | Fiberpole","og_description":"Accesorios PRFV para estructuras el\u00e9ctricas: brazos y crucetas ligeras, diel\u00e9ctricas y anticorrosivas, ideales para redes de media y baja tensi\u00f3n.","og_url":"https:\/\/fiberpole.cl\/web\/crucetas-y-brazos\/","og_site_name":"Fiberpole","article_modified_time":"2025-09-23T19:30:15+00:00","og_image":[{"width":1935,"height":2560,"url":"https:\/\/fiberpole.cl\/web\/wp-content\/uploads\/2024\/02\/ProductoPrincipalAccesorios-scaled.webp","type":"image\/webp"}],"twitter_card":"summary_large_image","twitter_misc":{"Tiempo de lectura":"2 minutos"},"schema":{"@context":"https:\/\/schema.org","@graph":[{"@type":"WebPage","@id":"https:\/\/fiberpole.cl\/web\/crucetas-y-brazos\/","url":"https:\/\/fiberpole.cl\/web\/crucetas-y-brazos\/","name":"Crucetas y brazos PRFV | Fiberpole","isPartOf":{"@id":"https:\/\/fiberpole.cl\/web\/#website"},"primaryImageOfPage":{"@id":"https:\/\/fiberpole.cl\/web\/crucetas-y-brazos\/#primaryimage"},"image":{"@id":"https:\/\/fiberpole.cl\/web\/crucetas-y-brazos\/#primaryimage"},"thumbnailUrl":"https:\/\/fiberpole.cl\/web\/wp-content\/uploads\/2024\/02\/ProductoPrincipalAccesorios-scaled.webp","datePublished":"2024-03-07T16:35:23+00:00","dateModified":"2025-09-23T19:30:15+00:00","description":"Accesorios PRFV para estructuras el\u00e9ctricas: brazos y crucetas ligeras, diel\u00e9ctricas y anticorrosivas, ideales para redes de media y baja tensi\u00f3n.","breadcrumb":{"@id":"https:\/\/fiberpole.cl\/web\/crucetas-y-brazos\/#breadcrumb"},"inLanguage":"es","potentialAction":[{"@type":"ReadAction","target":["https:\/\/fiberpole.cl\/web\/crucetas-y-brazos\/"]}]},{"@type":"ImageObject","inLanguage":"es","@id":"https:\/\/fiberpole.cl\/web\/crucetas-y-brazos\/#primaryimage","url":"https:\/\/fiberpole.cl\/web\/wp-content\/uploads\/2024\/02\/ProductoPrincipalAccesorios-scaled.webp","contentUrl":"https:\/\/fiberpole.cl\/web\/wp-content\/uploads\/2024\/02\/ProductoPrincipalAccesorios-scaled.webp","width":1935,"height":2560},{"@type":"BreadcrumbList","@id":"https:\/\/fiberpole.cl\/web\/crucetas-y-brazos\/#breadcrumb","itemListElement":[{"@type":"ListItem","position":1,"name":"Inicio","item":"https:\/\/fiberpole.cl\/web\/"},{"@type":"ListItem","position":2,"name":"Crucetas y brazos PRFV"}]},{"@type":"WebSite","@id":"https:\/\/fiberpole.cl\/web\/#website","url":"https:\/\/fiberpole.cl\/web\/","name":"Fiberpole","description":"Fabricaci\u00f3n de postes de vidrio, luz y distribuci\u00f3n","publisher":{"@id":"https:\/\/fiberpole.cl\/web\/#organization"},"potentialAction":[{"@type":"SearchAction","target":{"@type":"EntryPoint","urlTemplate":"https:\/\/fiberpole.cl\/web\/?s={search_term_string}"},"query-input":{"@type":"PropertyValueSpecification","valueRequired":true,"valueName":"search_term_string"}}],"inLanguage":"es"},{"@type":"Organization","@id":"https:\/\/fiberpole.cl\/web\/#organization","name":"Fiberpole","alternateName":"Fiberpole SpA","url":"https:\/\/fiberpole.cl\/web\/","logo":{"@type":"ImageObject","inLanguage":"es","@id":"https:\/\/fiberpole.cl\/web\/#\/schema\/logo\/image\/","url":"https:\/\/fiberpole.cl\/web\/wp-content\/uploads\/2025\/09\/logo-fiberpole-azul.webp","contentUrl":"https:\/\/fiberpole.cl\/web\/wp-content\/uploads\/2025\/09\/logo-fiberpole-azul.webp","width":150,"height":150,"caption":"Fiberpole"},"image":{"@id":"https:\/\/fiberpole.cl\/web\/#\/schema\/logo\/image\/"},"sameAs":["https:\/\/www.linkedin.com\/company\/fiberpole\/"]}]}},"_links":{"self":[{"href":"https:\/\/fiberpole.cl\/web\/wp-json\/wp\/v2\/pages\/9686","targetHints":{"allow":["GET"]}}],"collection":[{"href":"https:\/\/fiberpole.cl\/web\/wp-json\/wp\/v2\/pages"}],"about":[{"href":"https:\/\/fiberpole.cl\/web\/wp-json\/wp\/v2\/types\/page"}],"author":[{"embeddable":true,"href":"https:\/\/fiberpole.cl\/web\/wp-json\/wp\/v2\/users\/1"}],"replies":[{"embeddable":true,"href":"https:\/\/fiberpole.cl\/web\/wp-json\/wp\/v2\/comments?post=9686"}],"version-history":[{"count":2,"href":"https:\/\/fiberpole.cl\/web\/wp-json\/wp\/v2\/pages\/9686\/revisions"}],"predecessor-version":[{"id":10086,"href":"https:\/\/fiberpole.cl\/web\/wp-json\/wp\/v2\/pages\/9686\/revisions\/10086"}],"wp:featuredmedia":[{"embeddable":true,"href":"https:\/\/fiberpole.cl\/web\/wp-json\/wp\/v2\/media\/9572"}],"wp:attachment":[{"href":"https:\/\/fiberpole.cl\/web\/wp-json\/wp\/v2\/media?parent=9686"}],"curies":[{"name":"wp","href":"https:\/\/api.w.org\/{rel}","templated":true}]}}