{"id":9771,"date":"2024-09-26T19:50:02","date_gmt":"2024-09-26T19:50:02","guid":{"rendered":"https:\/\/fiberpole.cl\/web\/?page_id=9771"},"modified":"2025-10-04T00:05:33","modified_gmt":"2025-10-04T00:05:33","slug":"poste-retroiluminado-fiberpole","status":"publish","type":"page","link":"https:\/\/fiberpole.cl\/web\/poste-retroiluminado-fiberpole\/","title":{"rendered":"Poste Retroiluminado Transl\u00facido de PRFV"},"content":{"rendered":"<div class=\"wpb-content-wrapper\"><p>[vc_row][vc_column width=\u00bb1\/2&#8243; vertical_alignment=\u00bbeyJkZXZpY2VzIjp7ImRlc2t0b3AiOnsidmFsdWUiOiJjZW50ZXIifSwidGFibGV0Ijp7InZhbHVlIjoiIn0sIm1vYmlsZSI6eyJ2YWx1ZSI6IiJ9fX0=\u00bb css=\u00bb.vc_custom_1730125477939{padding-top: 0px !important;}\u00bb woodmart_css_id=\u00bb671f9e9f71451&#8243; parallax_scroll=\u00bbno\u00bb woodmart_sticky_column=\u00bbfalse\u00bb wd_collapsible_content_switcher=\u00bbno\u00bb wd_column_role_offcanvas_desktop=\u00bbno\u00bb wd_column_role_offcanvas_tablet=\u00bbno\u00bb wd_column_role_offcanvas_mobile=\u00bbno\u00bb wd_column_role_content_desktop=\u00bbno\u00bb wd_column_role_content_tablet=\u00bbno\u00bb wd_column_role_content_mobile=\u00bbno\u00bb mobile_bg_img_hidden=\u00bbno\u00bb tablet_bg_img_hidden=\u00bbno\u00bb woodmart_parallax=\u00bb0&#8243; woodmart_box_shadow=\u00bbno\u00bb responsive_spacing=\u00bbeyJwYXJhbV90eXBlIjoid29vZG1hcnRfcmVzcG9uc2l2ZV9zcGFjaW5nIiwic2VsZWN0b3JfaWQiOiI2NzFmOWU5ZjcxNDUxIiwic2hvcnRjb2RlIjoidmNfY29sdW1uIiwiZGF0YSI6eyJ0YWJsZXQiOnt9LCJtb2JpbGUiOnt9fX0=\u00bb mobile_reset_margin=\u00bbno\u00bb tablet_reset_margin=\u00bbno\u00bb wd_z_index=\u00bbno\u00bb]\n\t\t<div id=\"wd-66f5c346eea33\" class=\"title-wrapper wd-wpb wd-set-mb reset-last-child  wd-rs-66f5c346eea33 wd-title-color-default wd-title-style-default text-left vc_custom_1727382348647 wd-underline-colored\">\n\t\t\t\n\t\t\t<div class=\"liner-continer\">\n\t\t\t\t<h4 class=\"woodmart-title-container title  wd-font-weight- wd-fontsize-xl\" >Poste Retroiluminado<\/h4>\n\t\t\t\t\t\t\t<\/div>\n\t\t\t\n\t\t\t\n\t\t\t\n\t\t<\/div>\n\t\t\n\t\t\t\t<div id=\"wd-68e063fa64f93\" class=\"wd-text-block wd-wpb reset-last-child wd-rs-68e063fa64f93 text-left vc_custom_1759536323357\">\n\t\t\t<p data-start=\"354\" data-end=\"775\">El <strong data-start=\"357\" data-end=\"391\">poste retroiluminado Fiberpole<\/strong> es una soluci\u00f3n innovadora de <strong data-start=\"422\" data-end=\"461\">iluminaci\u00f3n urbana y arquitect\u00f3nica<\/strong> que combina <strong data-start=\"474\" data-end=\"533\">dise\u00f1o contempor\u00e1neo, seguridad y eficiencia energ\u00e9tica<\/strong>. Fabricado en <strong data-start=\"548\" data-end=\"597\">PRFV (Pol\u00edmero Reforzado con Fibra de Vidrio)<\/strong>, este poste transl\u00facido incorpora cintas LED de alta eficiencia en su interior, transform\u00e1ndose en un elemento luminoso capaz de <strong data-start=\"727\" data-end=\"772\">iluminar y se\u00f1alizar con identidad propia<\/strong>.<\/p>\n<h3 data-start=\"777\" data-end=\"810\">Caracter\u00edsticas principales<\/h3>\n<ul data-start=\"811\" data-end=\"1435\">\n<li data-start=\"811\" data-end=\"918\">\n<p data-start=\"813\" data-end=\"918\"><strong data-start=\"813\" data-end=\"850\">Dise\u00f1o transl\u00facido retroiluminado<\/strong>, que convierte al poste en una fuente de luz uniforme y est\u00e9tica.<\/p>\n<\/li>\n<li data-start=\"1022\" data-end=\"1165\">\n<p data-start=\"1024\" data-end=\"1165\"><strong data-start=\"1024\" data-end=\"1053\">Versatilidad de conexi\u00f3n:<\/strong> puede funcionar de forma aut\u00f3noma con <strong data-start=\"1092\" data-end=\"1118\">panel solar y bater\u00edas<\/strong> o conectarse a la red el\u00e9ctrica de <strong data-start=\"1154\" data-end=\"1162\">220V<\/strong>.<\/p>\n<\/li>\n<li data-start=\"1166\" data-end=\"1331\">\n<p data-start=\"1168\" data-end=\"1331\"><strong data-start=\"1168\" data-end=\"1235\">LEDs de alta eficiencia y resistencia a la intemperie (IP alto)<\/strong>, con equipos el\u00e9ctricos y electr\u00f3nicos que permiten variar potencia, voltaje y juegos de luz.<\/p>\n<\/li>\n<\/ul>\n<h3 data-start=\"1437\" data-end=\"1476\">Aplicaciones en el espacio urbano<\/h3>\n<p data-start=\"1477\" data-end=\"1754\">El <strong data-start=\"1480\" data-end=\"1514\">poste retroiluminado Fiberpole<\/strong> no solo aporta <strong data-start=\"1530\" data-end=\"1564\">iluminaci\u00f3n eficiente y segura<\/strong>, sino que tambi\u00e9n act\u00faa como <strong data-start=\"1594\" data-end=\"1688\">punto de encuentro, elemento de dise\u00f1o urbano y recurso para se\u00f1alizar rutas de evacuaci\u00f3n<\/strong>. Su innovador concepto lo convierte en una soluci\u00f3n ideal para:<\/p>\n<ul>\n<li data-start=\"472\" data-end=\"549\">\n<p data-start=\"474\" data-end=\"549\"><strong data-start=\"474\" data-end=\"503\">Parques y plazas p\u00fablicas<\/strong>, donde combina iluminaci\u00f3n y dise\u00f1o urbano.<\/p>\n<\/li>\n<li data-start=\"550\" data-end=\"641\">\n<p data-start=\"552\" data-end=\"641\"><strong data-start=\"552\" data-end=\"584\">\u00c1reas peatonales y ciclov\u00edas<\/strong>, mejorando la visibilidad y seguridad de los usuarios.<\/p>\n<\/li>\n<li data-start=\"642\" data-end=\"743\">\n<p data-start=\"644\" data-end=\"743\"><strong data-start=\"644\" data-end=\"683\">Proyectos de urbanismo y paisajismo<\/strong>, integr\u00e1ndose como un elemento arquitect\u00f3nico distintivo.<\/p>\n<\/li>\n<li data-start=\"744\" data-end=\"836\">\n<p data-start=\"746\" data-end=\"836\"><strong data-start=\"746\" data-end=\"780\">Zonas de control o informaci\u00f3n<\/strong>, funcionando como punto de referencia o se\u00f1alizaci\u00f3n.<\/p>\n<\/li>\n<li data-start=\"837\" data-end=\"932\">\n<p data-start=\"839\" data-end=\"932\"><strong data-start=\"839\" data-end=\"870\">Gu\u00eda de rutas de evacuaci\u00f3n<\/strong>, asegurando orientaci\u00f3n clara en situaciones de emergencia.<\/p>\n<\/li>\n<\/ul>\n\t\t<\/div>\n\t\t<div id=\"wd-65eb0d62eb8e8\" class=\" wd-rs-65eb0d62eb8e8 vc_custom_1709903250565 wd-button-wrapper text-center inline-element\"><a href=\"https:\/\/fiberpole.cl\/web\/contacto\/\" title=\"\" style=\"--btn-color:#fff;--btn-color-hover:#fff;\" class=\"btn btn-style-default btn-shape-round btn-size-default btn-icon-pos-left\">Cotizar<span class=\"wd-btn-icon\"><img loading=\"lazy\" decoding=\"async\" width=\"25\" height=\"25\" src=\"https:\/\/fiberpole.cl\/web\/wp-content\/uploads\/2024\/01\/icono-mas-25x25.png\" class=\"attachment-25x25 size-25x25\" alt=\"\" srcset=\"https:\/\/fiberpole.cl\/web\/wp-content\/uploads\/2024\/01\/icono-mas-25x25.png 25w, https:\/\/fiberpole.cl\/web\/wp-content\/uploads\/2024\/01\/icono-mas-32x32.png 32w, https:\/\/fiberpole.cl\/web\/wp-content\/uploads\/2024\/01\/icono-mas-16x16.png 16w, https:\/\/fiberpole.cl\/web\/wp-content\/uploads\/2024\/01\/icono-mas.png 120w\" sizes=\"auto, (max-width: 25px) 100vw, 25px\" \/><\/span><\/a><\/div>[\/vc_column][vc_column width=\u00bb1\/2&#8243; horizontal_alignment=\u00bbeyJkZXZpY2VzIjp7ImRlc2t0b3AiOnsidmFsdWUiOiJzcGFjZS1iZXR3ZWVuIn0sInRhYmxldCI6eyJ2YWx1ZSI6IiJ9LCJtb2JpbGUiOnsidmFsdWUiOiIifX19&#8243; css=\u00bb.vc_custom_1681394715610{padding-top: 0px !important;}\u00bb woodmart_css_id=\u00bb64380c1773be4&#8243; parallax_scroll=\u00bbno\u00bb woodmart_sticky_column=\u00bbfalse\u00bb wd_collapsible_content_switcher=\u00bbno\u00bb wd_column_role_offcanvas_desktop=\u00bbno\u00bb wd_column_role_offcanvas_tablet=\u00bbno\u00bb wd_column_role_offcanvas_mobile=\u00bbno\u00bb wd_column_role_content_desktop=\u00bbno\u00bb wd_column_role_content_tablet=\u00bbno\u00bb wd_column_role_content_mobile=\u00bbno\u00bb mobile_bg_img_hidden=\u00bbno\u00bb tablet_bg_img_hidden=\u00bbno\u00bb woodmart_parallax=\u00bb0&#8243; woodmart_box_shadow=\u00bbno\u00bb responsive_spacing=\u00bbeyJwYXJhbV90eXBlIjoid29vZG1hcnRfcmVzcG9uc2l2ZV9zcGFjaW5nIiwic2VsZWN0b3JfaWQiOiI2NDM4MGMxNzczYmU0Iiwic2hvcnRjb2RlIjoidmNfY29sdW1uIiwiZGF0YSI6eyJ0YWJsZXQiOnt9LCJtb2JpbGUiOnt9fX0=\u00bb mobile_reset_margin=\u00bbno\u00bb tablet_reset_margin=\u00bbno\u00bb wd_z_index=\u00bbno\u00bb]\t\t<div id=\"gallery_268\" class=\"wd-images-gallery wd-wpb wd-rs-66f5c04b8a5d4 vc_custom_1727381597120 photoswipe-images\" style=\"--wd-justify-content:center;--wd-align-items:center;\">\n\t\t\t\n\t\t\t<div class=\" wd-grid-g\" style=\"--wd-col-lg:3;--wd-col-md:3;--wd-col-sm:1;--wd-gap-lg:0px;\">\n\t\t\t\t\n\t\t\t\t\t\t\t\t\t\t\t\t\t\t\t<div class=\"wd-gallery-item wd-col\">\n\t\t\t\t\t\t\t\t\t\t\t\t\t\t<a href=\"https:\/\/fiberpole.cl\/web\/wp-content\/uploads\/2024\/09\/galeria_1_retroiluminado-1-scaled.jpg\" data-elementor-open-lightbox=\"no\" data-index=\"1\" data-width=\"1707\" data-height=\"2560\" \n\t\t\t\t\t\t\t\t\t\t\t\t >\n\t\t\t\t\t\t\t\t\n\t\t\t\t\t\t\t\t<img loading=\"lazy\" decoding=\"async\" width=\"200\" height=\"300\" src=\"https:\/\/fiberpole.cl\/web\/wp-content\/uploads\/2024\/09\/galeria_1_retroiluminado-1-200x300.jpg\" class=\"wd-gallery-image image-1\" alt=\"\" srcset=\"https:\/\/fiberpole.cl\/web\/wp-content\/uploads\/2024\/09\/galeria_1_retroiluminado-1-200x300.jpg 200w, https:\/\/fiberpole.cl\/web\/wp-content\/uploads\/2024\/09\/galeria_1_retroiluminado-1-533x800.jpg 533w, https:\/\/fiberpole.cl\/web\/wp-content\/uploads\/2024\/09\/galeria_1_retroiluminado-1-768x1152.jpg 768w, https:\/\/fiberpole.cl\/web\/wp-content\/uploads\/2024\/09\/galeria_1_retroiluminado-1-1024x1536.jpg 1024w, https:\/\/fiberpole.cl\/web\/wp-content\/uploads\/2024\/09\/galeria_1_retroiluminado-1-1365x2048.jpg 1365w, https:\/\/fiberpole.cl\/web\/wp-content\/uploads\/2024\/09\/galeria_1_retroiluminado-1-scaled.jpg 1707w\" sizes=\"auto, (max-width: 200px) 100vw, 200px\" \/>\n\t\t\t\t\t\t\t\t\t\t\t\t\t\t\t<\/a>\n\t\t\t\t\t\t\t\t\t\t\t\t<\/div>\n\t\t\t\t\t\t\t\t\t\t\t<div class=\"wd-gallery-item wd-col\">\n\t\t\t\t\t\t\t\t\t\t\t\t\t\t<a href=\"https:\/\/fiberpole.cl\/web\/wp-content\/uploads\/2024\/09\/galeria_2_retroiluminado-scaled.jpg\" data-elementor-open-lightbox=\"no\" data-index=\"2\" data-width=\"1707\" data-height=\"2560\" \n\t\t\t\t\t\t\t\t\t\t\t\t >\n\t\t\t\t\t\t\t\t\n\t\t\t\t\t\t\t\t<img loading=\"lazy\" decoding=\"async\" width=\"200\" height=\"300\" src=\"https:\/\/fiberpole.cl\/web\/wp-content\/uploads\/2024\/09\/galeria_2_retroiluminado-200x300.jpg\" class=\"wd-gallery-image image-2\" alt=\"\" srcset=\"https:\/\/fiberpole.cl\/web\/wp-content\/uploads\/2024\/09\/galeria_2_retroiluminado-200x300.jpg 200w, https:\/\/fiberpole.cl\/web\/wp-content\/uploads\/2024\/09\/galeria_2_retroiluminado-533x800.jpg 533w, https:\/\/fiberpole.cl\/web\/wp-content\/uploads\/2024\/09\/galeria_2_retroiluminado-768x1152.jpg 768w, https:\/\/fiberpole.cl\/web\/wp-content\/uploads\/2024\/09\/galeria_2_retroiluminado-1024x1536.jpg 1024w, https:\/\/fiberpole.cl\/web\/wp-content\/uploads\/2024\/09\/galeria_2_retroiluminado-1365x2048.jpg 1365w, https:\/\/fiberpole.cl\/web\/wp-content\/uploads\/2024\/09\/galeria_2_retroiluminado-scaled.jpg 1707w\" sizes=\"auto, (max-width: 200px) 100vw, 200px\" \/>\n\t\t\t\t\t\t\t\t\t\t\t\t\t\t\t<\/a>\n\t\t\t\t\t\t\t\t\t\t\t\t<\/div>\n\t\t\t\t\t\t\t\t\t\t\t<div class=\"wd-gallery-item wd-col\">\n\t\t\t\t\t\t\t\t\t\t\t\t\t\t<a href=\"https:\/\/fiberpole.cl\/web\/wp-content\/uploads\/2024\/09\/galeria_3_retroiluminado-scaled.jpg\" data-elementor-open-lightbox=\"no\" data-index=\"3\" data-width=\"1707\" data-height=\"2560\" \n\t\t\t\t\t\t\t\t\t\t\t\t >\n\t\t\t\t\t\t\t\t\n\t\t\t\t\t\t\t\t<img loading=\"lazy\" decoding=\"async\" width=\"200\" height=\"300\" src=\"https:\/\/fiberpole.cl\/web\/wp-content\/uploads\/2024\/09\/galeria_3_retroiluminado-200x300.jpg\" class=\"wd-gallery-image image-3\" alt=\"\" srcset=\"https:\/\/fiberpole.cl\/web\/wp-content\/uploads\/2024\/09\/galeria_3_retroiluminado-200x300.jpg 200w, https:\/\/fiberpole.cl\/web\/wp-content\/uploads\/2024\/09\/galeria_3_retroiluminado-533x800.jpg 533w, https:\/\/fiberpole.cl\/web\/wp-content\/uploads\/2024\/09\/galeria_3_retroiluminado-768x1152.jpg 768w, https:\/\/fiberpole.cl\/web\/wp-content\/uploads\/2024\/09\/galeria_3_retroiluminado-1024x1536.jpg 1024w, https:\/\/fiberpole.cl\/web\/wp-content\/uploads\/2024\/09\/galeria_3_retroiluminado-1365x2048.jpg 1365w, https:\/\/fiberpole.cl\/web\/wp-content\/uploads\/2024\/09\/galeria_3_retroiluminado-scaled.jpg 1707w\" sizes=\"auto, (max-width: 200px) 100vw, 200px\" \/>\n\t\t\t\t\t\t\t\t\t\t\t\t\t\t\t<\/a>\n\t\t\t\t\t\t\t\t\t\t\t\t<\/div>\n\t\t\t\t\t\t\t\t\t\n\t\t\t\t\t\t\t<\/div>\n\n\t\t\t\t\t<\/div>\n\t\t\t\t<div class=\"wd-el-video wd-wpb wd-rs-68e062aef2895 wd-action-without wd-video-hosted\">\n\t\t\t\t\t\t\t<video src=\"https:\/\/fiberpole.cl\/web\/wp-content\/uploads\/2025\/10\/Prueba01.mp4\" playsinline controls preload=\"metadata\"><\/video>\t\t\t\n\t\t\t\n\t\t\t\n\t\t\t\t\t<\/div>\n\t\t[\/vc_column][\/vc_row]<\/p>\n<\/div>","protected":false},"excerpt":{"rendered":"<p>[vc_row][vc_column width=\u00bb1\/2&#8243; vertical_alignment=\u00bbeyJkZXZpY2VzIjp7ImRlc2t0b3AiOnsidmFsdWUiOiJjZW50ZXIifSwidGFibGV0Ijp7InZhbHVlIjoiIn0sIm1vYmlsZSI6eyJ2YWx1ZSI6IiJ9fX0=\u00bb css=\u00bb.vc_custom_1730125477939{padding-top: 0px !important;}\u00bb woodmart_css_id=\u00bb671f9e9f71451&#8243; parallax_scroll=\u00bbno\u00bb woodmart_sticky_column=\u00bbfalse\u00bb wd_collapsible_content_switcher=\u00bbno\u00bb wd_column_role_offcanvas_desktop=\u00bbno\u00bb wd_column_role_offcanvas_tablet=\u00bbno\u00bb wd_column_role_offcanvas_mobile=\u00bbno\u00bb wd_column_role_content_desktop=\u00bbno\u00bb wd_column_role_content_tablet=\u00bbno\u00bb wd_column_role_content_mobile=\u00bbno\u00bb mobile_bg_img_hidden=\u00bbno\u00bb tablet_bg_img_hidden=\u00bbno\u00bb woodmart_parallax=\u00bb0&#8243; woodmart_box_shadow=\u00bbno\u00bb<\/p>\n","protected":false},"author":1,"featured_media":0,"parent":0,"menu_order":0,"comment_status":"closed","ping_status":"closed","template":"","meta":{"footnotes":""},"class_list":["post-9771","page","type-page","status-publish","hentry"],"yoast_head":"<!-- This site is optimized with the Yoast SEO plugin v25.9 - https:\/\/yoast.com\/wordpress\/plugins\/seo\/ -->\n<title>Poste Retroiluminado Transl\u00facido de PRFV | Fiberpole<\/title>\n<meta name=\"description\" content=\"Poste retroiluminado de PRFV: mejor visibilidad y seguridad en espacios urbanos y costeros, con estructura ligera, diel\u00e9ctrica y anticorrosiva.\" \/>\n<meta name=\"robots\" content=\"index, follow, max-snippet:-1, max-image-preview:large, max-video-preview:-1\" \/>\n<link rel=\"canonical\" href=\"https:\/\/fiberpole.cl\/web\/poste-retroiluminado-fiberpole\/\" \/>\n<meta property=\"og:locale\" content=\"es_ES\" \/>\n<meta property=\"og:type\" content=\"article\" \/>\n<meta property=\"og:title\" content=\"Poste Retroiluminado Transl\u00facido de PRFV | Fiberpole\" \/>\n<meta property=\"og:description\" content=\"Poste retroiluminado de PRFV: mejor visibilidad y seguridad en espacios urbanos y costeros, con estructura ligera, diel\u00e9ctrica y anticorrosiva.\" \/>\n<meta property=\"og:url\" content=\"https:\/\/fiberpole.cl\/web\/poste-retroiluminado-fiberpole\/\" \/>\n<meta property=\"og:site_name\" content=\"Fiberpole\" \/>\n<meta property=\"article:modified_time\" content=\"2025-10-04T00:05:33+00:00\" \/>\n<meta property=\"og:image\" content=\"https:\/\/fiberpole.cl\/web\/wp-content\/uploads\/2025\/09\/Fiberpole-Quienes-Somos-Texto-18-1-optimizado.webp\" \/>\n\t<meta property=\"og:image:width\" content=\"800\" \/>\n\t<meta property=\"og:image:height\" content=\"518\" \/>\n\t<meta property=\"og:image:type\" content=\"image\/webp\" \/>\n<meta name=\"twitter:card\" content=\"summary_large_image\" \/>\n<meta name=\"twitter:label1\" content=\"Tiempo de lectura\" \/>\n\t<meta name=\"twitter:data1\" content=\"3 minutos\" \/>\n<script type=\"application\/ld+json\" class=\"yoast-schema-graph\">{\"@context\":\"https:\/\/schema.org\",\"@graph\":[{\"@type\":\"WebPage\",\"@id\":\"https:\/\/fiberpole.cl\/web\/poste-retroiluminado-fiberpole\/\",\"url\":\"https:\/\/fiberpole.cl\/web\/poste-retroiluminado-fiberpole\/\",\"name\":\"Poste Retroiluminado Transl\u00facido de PRFV | Fiberpole\",\"isPartOf\":{\"@id\":\"https:\/\/fiberpole.cl\/web\/#website\"},\"datePublished\":\"2024-09-26T19:50:02+00:00\",\"dateModified\":\"2025-10-04T00:05:33+00:00\",\"description\":\"Poste retroiluminado de PRFV: mejor visibilidad y seguridad en espacios urbanos y costeros, con estructura ligera, diel\u00e9ctrica y anticorrosiva.\",\"breadcrumb\":{\"@id\":\"https:\/\/fiberpole.cl\/web\/poste-retroiluminado-fiberpole\/#breadcrumb\"},\"inLanguage\":\"es\",\"potentialAction\":[{\"@type\":\"ReadAction\",\"target\":[\"https:\/\/fiberpole.cl\/web\/poste-retroiluminado-fiberpole\/\"]}]},{\"@type\":\"BreadcrumbList\",\"@id\":\"https:\/\/fiberpole.cl\/web\/poste-retroiluminado-fiberpole\/#breadcrumb\",\"itemListElement\":[{\"@type\":\"ListItem\",\"position\":1,\"name\":\"Inicio\",\"item\":\"https:\/\/fiberpole.cl\/web\/\"},{\"@type\":\"ListItem\",\"position\":2,\"name\":\"Poste Retroiluminado Transl\u00facido de PRFV\"}]},{\"@type\":\"WebSite\",\"@id\":\"https:\/\/fiberpole.cl\/web\/#website\",\"url\":\"https:\/\/fiberpole.cl\/web\/\",\"name\":\"Fiberpole\",\"description\":\"Fabricaci\u00f3n de postes de vidrio, luz y distribuci\u00f3n\",\"publisher\":{\"@id\":\"https:\/\/fiberpole.cl\/web\/#organization\"},\"potentialAction\":[{\"@type\":\"SearchAction\",\"target\":{\"@type\":\"EntryPoint\",\"urlTemplate\":\"https:\/\/fiberpole.cl\/web\/?s={search_term_string}\"},\"query-input\":{\"@type\":\"PropertyValueSpecification\",\"valueRequired\":true,\"valueName\":\"search_term_string\"}}],\"inLanguage\":\"es\"},{\"@type\":\"Organization\",\"@id\":\"https:\/\/fiberpole.cl\/web\/#organization\",\"name\":\"Fiberpole\",\"alternateName\":\"Fiberpole SpA\",\"url\":\"https:\/\/fiberpole.cl\/web\/\",\"logo\":{\"@type\":\"ImageObject\",\"inLanguage\":\"es\",\"@id\":\"https:\/\/fiberpole.cl\/web\/#\/schema\/logo\/image\/\",\"url\":\"https:\/\/fiberpole.cl\/web\/wp-content\/uploads\/2025\/09\/logo-fiberpole-azul.webp\",\"contentUrl\":\"https:\/\/fiberpole.cl\/web\/wp-content\/uploads\/2025\/09\/logo-fiberpole-azul.webp\",\"width\":150,\"height\":150,\"caption\":\"Fiberpole\"},\"image\":{\"@id\":\"https:\/\/fiberpole.cl\/web\/#\/schema\/logo\/image\/\"},\"sameAs\":[\"https:\/\/www.linkedin.com\/company\/fiberpole\/\"]}]}<\/script>\n<!-- \/ Yoast SEO plugin. -->","yoast_head_json":{"title":"Poste Retroiluminado Transl\u00facido de PRFV | Fiberpole","description":"Poste retroiluminado de PRFV: mejor visibilidad y seguridad en espacios urbanos y costeros, con estructura ligera, diel\u00e9ctrica y anticorrosiva.","robots":{"index":"index","follow":"follow","max-snippet":"max-snippet:-1","max-image-preview":"max-image-preview:large","max-video-preview":"max-video-preview:-1"},"canonical":"https:\/\/fiberpole.cl\/web\/poste-retroiluminado-fiberpole\/","og_locale":"es_ES","og_type":"article","og_title":"Poste Retroiluminado Transl\u00facido de PRFV | Fiberpole","og_description":"Poste retroiluminado de PRFV: mejor visibilidad y seguridad en espacios urbanos y costeros, con estructura ligera, diel\u00e9ctrica y anticorrosiva.","og_url":"https:\/\/fiberpole.cl\/web\/poste-retroiluminado-fiberpole\/","og_site_name":"Fiberpole","article_modified_time":"2025-10-04T00:05:33+00:00","og_image":[{"width":800,"height":518,"url":"https:\/\/fiberpole.cl\/web\/wp-content\/uploads\/2025\/09\/Fiberpole-Quienes-Somos-Texto-18-1-optimizado.webp","type":"image\/webp"}],"twitter_card":"summary_large_image","twitter_misc":{"Tiempo de lectura":"3 minutos"},"schema":{"@context":"https:\/\/schema.org","@graph":[{"@type":"WebPage","@id":"https:\/\/fiberpole.cl\/web\/poste-retroiluminado-fiberpole\/","url":"https:\/\/fiberpole.cl\/web\/poste-retroiluminado-fiberpole\/","name":"Poste Retroiluminado Transl\u00facido de PRFV | Fiberpole","isPartOf":{"@id":"https:\/\/fiberpole.cl\/web\/#website"},"datePublished":"2024-09-26T19:50:02+00:00","dateModified":"2025-10-04T00:05:33+00:00","description":"Poste retroiluminado de PRFV: mejor visibilidad y seguridad en espacios urbanos y costeros, con estructura ligera, diel\u00e9ctrica y anticorrosiva.","breadcrumb":{"@id":"https:\/\/fiberpole.cl\/web\/poste-retroiluminado-fiberpole\/#breadcrumb"},"inLanguage":"es","potentialAction":[{"@type":"ReadAction","target":["https:\/\/fiberpole.cl\/web\/poste-retroiluminado-fiberpole\/"]}]},{"@type":"BreadcrumbList","@id":"https:\/\/fiberpole.cl\/web\/poste-retroiluminado-fiberpole\/#breadcrumb","itemListElement":[{"@type":"ListItem","position":1,"name":"Inicio","item":"https:\/\/fiberpole.cl\/web\/"},{"@type":"ListItem","position":2,"name":"Poste Retroiluminado Transl\u00facido de PRFV"}]},{"@type":"WebSite","@id":"https:\/\/fiberpole.cl\/web\/#website","url":"https:\/\/fiberpole.cl\/web\/","name":"Fiberpole","description":"Fabricaci\u00f3n de postes de vidrio, luz y distribuci\u00f3n","publisher":{"@id":"https:\/\/fiberpole.cl\/web\/#organization"},"potentialAction":[{"@type":"SearchAction","target":{"@type":"EntryPoint","urlTemplate":"https:\/\/fiberpole.cl\/web\/?s={search_term_string}"},"query-input":{"@type":"PropertyValueSpecification","valueRequired":true,"valueName":"search_term_string"}}],"inLanguage":"es"},{"@type":"Organization","@id":"https:\/\/fiberpole.cl\/web\/#organization","name":"Fiberpole","alternateName":"Fiberpole SpA","url":"https:\/\/fiberpole.cl\/web\/","logo":{"@type":"ImageObject","inLanguage":"es","@id":"https:\/\/fiberpole.cl\/web\/#\/schema\/logo\/image\/","url":"https:\/\/fiberpole.cl\/web\/wp-content\/uploads\/2025\/09\/logo-fiberpole-azul.webp","contentUrl":"https:\/\/fiberpole.cl\/web\/wp-content\/uploads\/2025\/09\/logo-fiberpole-azul.webp","width":150,"height":150,"caption":"Fiberpole"},"image":{"@id":"https:\/\/fiberpole.cl\/web\/#\/schema\/logo\/image\/"},"sameAs":["https:\/\/www.linkedin.com\/company\/fiberpole\/"]}]}},"_links":{"self":[{"href":"https:\/\/fiberpole.cl\/web\/wp-json\/wp\/v2\/pages\/9771","targetHints":{"allow":["GET"]}}],"collection":[{"href":"https:\/\/fiberpole.cl\/web\/wp-json\/wp\/v2\/pages"}],"about":[{"href":"https:\/\/fiberpole.cl\/web\/wp-json\/wp\/v2\/types\/page"}],"author":[{"embeddable":true,"href":"https:\/\/fiberpole.cl\/web\/wp-json\/wp\/v2\/users\/1"}],"replies":[{"embeddable":true,"href":"https:\/\/fiberpole.cl\/web\/wp-json\/wp\/v2\/comments?post=9771"}],"version-history":[{"count":3,"href":"https:\/\/fiberpole.cl\/web\/wp-json\/wp\/v2\/pages\/9771\/revisions"}],"predecessor-version":[{"id":10166,"href":"https:\/\/fiberpole.cl\/web\/wp-json\/wp\/v2\/pages\/9771\/revisions\/10166"}],"wp:attachment":[{"href":"https:\/\/fiberpole.cl\/web\/wp-json\/wp\/v2\/media?parent=9771"}],"curies":[{"name":"wp","href":"https:\/\/api.w.org\/{rel}","templated":true}]}}